{"id":107,"date":"2025-09-17T14:31:26","date_gmt":"2025-09-17T12:31:26","guid":{"rendered":"https:\/\/mundi.golf\/?page_id=107"},"modified":"2026-03-27T17:15:20","modified_gmt":"2026-03-27T16:15:20","slug":"medigames","status":"publish","type":"page","link":"https:\/\/mundi.golf\/cn\/medigames\/","title":{"rendered":"Medigames"},"content":{"rendered":"<div class=\"wp-block-uagb-container uagb-block-8de9c239 alignfull uagb-is-root-container\"><div class=\"uagb-container-inner-blocks-wrap\">\n<div class=\"wp-block-uagb-advanced-heading uagb-block-99148d6e\"><h1 class=\"uagb-heading-text\">Medigames<\/h1><\/div>\n<\/div><\/div>\n\n\n\n<div style=\"height:60px\" aria-hidden=\"true\" class=\"wp-block-spacer\"><\/div>\n\n\n\n<div class=\"wp-block-uagb-container uagb-block-e454dc7d alignfull uagb-is-root-container\"><div class=\"uagb-container-inner-blocks-wrap\">\n<div class=\"wp-block-uagb-container uagb-block-5ea903b0\">\n<h2 class=\"wp-block-heading\">\u533b\u7597\u8fd0\u52a8\u4f1a\uff08Medigames\uff09\u662f\u533b\u7597\u4e13\u4e1a\u4eba\u5458\u7684\u5e74\u5ea6\u4f53\u80b2\u76db\u4f1a\u3002.<\/h2>\n\n\n\n<p>\u5728\u4e3a\u671f\u4e00\u5468\u7684\u65f6\u95f4\u91cc\uff0c\u6765\u81ea\u4e16\u754c\u5404\u5730\u7684\u9009\u624b\u5c06\u5728 20 \u591a\u4e2a\u4e0d\u540c\u7684\u8fd0\u52a8\u548c\u9879\u76ee\u4e2d\u5c55\u5f00\u89d2\u9010\u3002.<\/p>\n\n\n\n<p>\u5730\u4e2d\u6d77\u8fd0\u52a8\u4f1a\u521b\u7acb\u4e8e 1978 \u5e74\uff0c\u5176\u57fa\u7840\u662f\u535a\u7231\u548c\u8fd0\u52a8\u6fc0\u60c5\u7684\u4ef7\u503c\u89c2\u4ee5\u53ca\u5965\u6797\u5339\u514b\u4e3b\u4e49\u7684\u57fa\u672c\u539f\u5219\u3002.<\/p>\n\n\n\n<p>\u5728\u4e3e\u529e\u6bd4\u8d5b\u7684\u540c\u65f6\uff0c\u8fd8\u7ec4\u7ec7\u4e86\u4e3a\u671f 4 \u5929\u7684\u56fd\u9645\u8fd0\u52a8\u533b\u5b66\u7814\u8ba8\u4f1a\u3002\u6765\u81ea\u4e16\u754c\u5404\u5730\u7684\u7537\u5973\u8fd0\u52a8\u5458\u548c\u4ece\u4e1a\u4eba\u5458\u6c47\u805a\u4e00\u5802\uff0c\u5c31\u533b\u5b66\u548c\u4f53\u80b2\u76f8\u5173\u95ee\u9898\u8fdb\u884c\u8ba8\u8bba\u548c\u4ea4\u6d41\u3002.<br>\u4f1a\u8bae\u65e5\u7a0b\uff1a\u7531\u79d1\u5b66\u59d4\u5458\u4f1a\u63d0\u4ea4\u7684\u4e13\u9898\u8bba\u6587\uff0c\u4ee5\u53ca\u6f14\u8bb2\u7a3f\u88ab\u9009\u4e2d\u7684\u4e0e\u4f1a\u8005\u81ea\u7531\u63d0\u4ea4\u7684\u8bba\u6587\uff0c\u4e3a\u8fd0\u52a8\u533b\u5b66\u7684\u8ba8\u8bba\u5f00\u8f9f\u4e86\u9053\u8def\u3002.<\/p>\n\n\n\n<p><br>\u6bcf\u5e74\uff0c\u5730\u4e2d\u6d77\u8fd0\u52a8\u4f1a\u4e3a\u4e3b\u529e\u57ce\u5e02\u63d0\u4f9b\u7ea6 10 500 \u4e2a\u8fc7\u591c\u4f4f\u5bbf\u3002.<\/p>\n<\/div>\n\n\n\n<div class=\"uagb-position__sticky wp-block-uagb-container uag-blocks-common-selector uagb-block-aa1f5c1d\">\n<figure class=\"wp-block-image size-custom has-custom-border is-style-default has-gsap-anim\" data-gsap-anim=\"{&quot;id&quot;:&quot;e1e064d6-7942-4e65-9f37-0ce8b8fcae47&quot;,&quot;enabled&quot;:true,&quot;globalEligible&quot;:false,&quot;mode&quot;:&quot;basic&quot;,&quot;presetId&quot;:&quot;zoom-in&quot;,&quot;trigger&quot;:&quot;scroll&quot;,&quot;advanced&quot;:{&quot;type&quot;:&quot;zoom&quot;,&quot;duration&quot;:0.8,&quot;ease&quot;:&quot;power2.out&quot;,&quot;opacity&quot;:0,&quot;x&quot;:0,&quot;y&quot;:0,&quot;z&quot;:0,&quot;scale&quot;:0.8,&quot;rotate&quot;:0,&quot;rotateX&quot;:0,&quot;rotateY&quot;:0,&quot;transformOrigin&quot;:&quot;50% 50%&quot;,&quot;scrollEnabled&quot;:false,&quot;scrollStart&quot;:&quot;top center&quot;,&quot;scrollEnd&quot;:&quot;bottom center&quot;,&quot;scrub&quot;:1,&quot;pin&quot;:false,&quot;pinSpacing&quot;:true,&quot;repeat&quot;:0,&quot;yoyo&quot;:false,&quot;reduceMotion&quot;:true,&quot;disableOnMobile&quot;:false},&quot;steps&quot;:[]}\" data-gsap-anim-id=\"e1e064d6-7942-4e65-9f37-0ce8b8fcae47\"><img decoding=\"async\" src=\"https:\/\/mundi.golf\/wp-content\/uploads\/2026\/01\/Capture-decran-2026-01-08-a-11.08.33.jpeg\" alt=\"\" style=\"border-top-left-radius:5px;border-top-right-radius:5px;border-bottom-left-radius:5px;border-bottom-right-radius:5px;aspect-ratio:1;object-fit:cover\"\/><\/figure>\n<\/div>\n<\/div><\/div>\n\n\n\n<div style=\"height:60px\" aria-hidden=\"true\" class=\"wp-block-spacer\"><\/div>\n\n\n\n<div class=\"wp-block-uagb-container uagb-layout-grid uagb-block-9798104f alignfull uagb-is-root-container\"><div class=\"uagb-container-inner-blocks-wrap\">\n<div class=\"wp-block-uagb-container uagb-block-a83b297a\">\n<h3 class=\"wp-block-heading has-text-align-center\">\u6570\u5b57\u533b\u5b66\u6e38\u620f<\/h3>\n<\/div>\n\n\n\n<div class=\"wp-block-uagb-container uagb-block-a3c1f59b\">\n<div class=\"wp-block-uagb-counter uagb-block-dcacf395 wp-block-uagb-counter--number\"><div class=\"wp-block-uagb-counter__number\"><span class=\"uagb-counter-block-number\" data-duration=\"1.5\" data-to-value=\"45\" data-from-value=\"0\" data-delimiter=\"\"><\/span><\/div><div class=\"wp-block-uagb-counter__title\">\u7248\u672c<\/div><\/div>\n<\/div>\n\n\n\n<div class=\"wp-block-uagb-container uagb-block-2749fa66\">\n<div class=\"wp-block-uagb-counter uagb-block-25c96f6d wp-block-uagb-counter--number\"><div class=\"wp-block-uagb-counter__number\"><span class=\"uagb-counter-block-number\" data-duration=\"1.5\" data-to-value=\"22\" data-from-value=\"0\" data-delimiter=\"\"><\/span><\/div><div class=\"wp-block-uagb-counter__title\">\u4f53\u80b2<\/div><\/div>\n<\/div>\n\n\n\n<div class=\"wp-block-uagb-container uagb-block-e8463555\">\n<div class=\"wp-block-uagb-counter uagb-block-4a77aa49 wp-block-uagb-counter--number\"><div class=\"wp-block-uagb-counter__number\"><span class=\"uagb-counter-block-number\" data-duration=\"1.5\" data-to-value=\"1500\" data-from-value=\"0\" data-delimiter=\"\"><\/span><span class=\"uagb-counter-block-suffix\">+<\/span><\/div><div class=\"wp-block-uagb-counter__title\">\u4e0e\u4f1a\u8005<\/div><\/div>\n<\/div>\n\n\n\n<div class=\"wp-block-uagb-container uagb-block-41395cbb\">\n<div class=\"wp-block-uagb-counter uagb-block-ffc69e79 wp-block-uagb-counter--number\"><div class=\"wp-block-uagb-counter__number\"><span class=\"uagb-counter-block-number\" data-duration=\"1.5\" data-to-value=\"40\" data-from-value=\"0\" data-delimiter=\"\"><\/span><span class=\"uagb-counter-block-suffix\">+<\/span><\/div><div class=\"wp-block-uagb-counter__title\">\u56fd\u7c4d<\/div><\/div>\n<\/div>\n<\/div><\/div>\n\n\n\n<div style=\"height:60px\" aria-hidden=\"true\" class=\"wp-block-spacer\"><\/div>\n\n\n\n<div class=\"wp-block-uagb-container uagb-block-a66b5ed7 alignfull uagb-is-root-container\"><div class=\"uagb-container-inner-blocks-wrap\">\n<div data-wp-context=\"{ &quot;autoclose&quot;: false, &quot;accordionItems&quot;: [] }\" data-wp-interactive=\"core\/accordion\" role=\"group\" class=\"wp-block-accordion is-layout-constrained wp-block-accordion-is-layout-constrained\">\n<div data-wp-class--is-open=\"state.isOpen\" data-wp-context=\"{ &quot;id&quot;: &quot;accordion-item-1&quot;, &quot;openByDefault&quot;: false }\" data-wp-init=\"callbacks.initAccordionItems\" data-wp-on-window--hashchange=\"callbacks.hashChange\" class=\"wp-block-accordion-item is-layout-flow wp-block-accordion-item-is-layout-flow\">\n<h3 class=\"wp-block-accordion-heading\" style=\"border-top-color:var(--wp--preset--color--ast-global-color-7);border-top-width:1px;border-bottom-color:var(--wp--preset--color--ast-global-color-7);border-bottom-width:1px\"><button aria-expanded=\"false\" aria-controls=\"accordion-item-1-panel\" data-wp-bind--aria-expanded=\"state.isOpen\" data-wp-on--click=\"actions.toggle\" data-wp-on--keydown=\"actions.handleKeyDown\" id=\"accordion-item-1\" type=\"button\" class=\"wp-block-accordion-heading__toggle\"><span class=\"wp-block-accordion-heading__toggle-icon\" aria-hidden=\"true\">+<\/span><span class=\"wp-block-accordion-heading__toggle-title\">45 \u5c4a\u533b\u5b66\u6e38\u620f<\/span><\/button><\/h3>\n\n\n\n<div inert aria-labelledby=\"accordion-item-1\" data-wp-bind--inert=\"!state.isOpen\" id=\"accordion-item-1-panel\" role=\"region\" class=\"wp-block-accordion-panel is-layout-flow wp-block-accordion-panel-is-layout-flow\">\n<figure class=\"wp-block-table\"><table class=\"has-border-color has-fixed-layout\" style=\"border-color:#eeeeee;border-width:2px\"><tbody><tr><td>1978<\/td><td>\u621b\u7eb3<\/td><td>\u6cd5\u56fd<\/td><\/tr><tr><td>1980<\/td><td>\u621b\u7eb3<\/td><td>\u6cd5\u56fd<\/td><\/tr><tr><td>1981<\/td><td>\u4e30\u7279-\u7f57\u7a46<\/td><td>\u6cd5\u56fd<\/td><\/tr><tr><td>1982<\/td><td>\u621b\u7eb3<\/td><td>\u6cd5\u56fd<\/td><\/tr><tr><td>1983<\/td><td>\u5df4\u9ece<\/td><td>\u6cd5\u56fd<\/td><\/tr><tr><td>1984<\/td><td>\u963f\u5df4\u8bfa\u6cf0\u5c14\u6885<\/td><td>\u610f\u5927\u5229<\/td><\/tr><tr><td>1985<\/td><td>\u8499\u7279\u5361\u6d1b<\/td><td>\u6469\u7eb3\u54e5<\/td><\/tr><tr><td>1986<\/td><td>\u8499\u7279\u5361\u8482\u5c3c\u7279\u5c14\u6885<\/td><td>\u610f\u5927\u5229<\/td><\/tr><tr><td>1987<\/td><td>\u5361\u8428\u5e03\u5170\u5361<\/td><td>\u6469\u6d1b\u54e5<\/td><\/tr><tr><td>1988<\/td><td>\u91cc\u6602<\/td><td>\u6cd5\u56fd<\/td><\/tr><tr><td>1989<\/td><td>\u8499\u7279\u5229\u5c14<\/td><td>\u52a0\u62ff\u5927<\/td><\/tr><tr><td>1990<\/td><td>\u4f69\u76ae\u5c3c\u6602<\/td><td>\u6cd5\u56fd<\/td><\/tr><tr><td>1991<\/td><td>\u4f0a\u62c9\u514b\u5229\u7fc1<\/td><td>\u5e0c\u814a<\/td><\/tr><tr><td>1992<\/td><td>\u5965\u65af\u56fe\u5c3c<\/td><td>\u610f\u5927\u5229<\/td><\/tr><tr><td>1993<\/td><td>\u5723\u9a6c\u6d1b<\/td><td>\u6cd5\u56fd<\/td><\/tr><tr><td>1994<\/td><td>\u4f9d\u4e91<\/td><td>\u6cd5\u56fd<\/td><\/tr><tr><td>1995<\/td><td>\u5229\u9ed8\u91cc\u514b<\/td><td>\u7231\u5c14\u5170<\/td><\/tr><tr><td>1996<\/td><td>\u91cc\u65af\u672c<\/td><td>\u8461\u8404\u7259<\/td><\/tr><tr><td>1997<\/td><td>\u52d2\u56fe\u51ef\u5df4\u9ece\u666e\u62c9\u65e5<\/td><td>\u6cd5\u56fd<\/td><\/tr><tr><td>1998<\/td><td>\u514b\u62c9\u6839\u798f<\/td><td>\u5965\u5730\u5229<\/td><\/tr><tr><td>1999<\/td><td>\u5723\u7279\u7f57\u4f69<\/td><td>\u6cd5\u56fd<\/td><\/tr><tr><td>2001<\/td><td>\u4f9d\u4e91<\/td><td>\u6cd5\u56fd<\/td><\/tr><tr><td>2002<\/td><td>\u5df4\u62c9\u987f<\/td><td>\u5308\u7259\u5229<\/td><\/tr><tr><td>2003<\/td><td>\u65af\u7279\u7075<\/td><td>\u82cf\u683c\u5170<\/td><\/tr><tr><td>2004<\/td><td>\u52a0\u7c73\u65bd-\u5e15\u6ed5\u57fa\u5174<\/td><td>\u5fb7\u56fd<\/td><\/tr><tr><td>2005<\/td><td>\u963f\u5229\u574e\u7279<\/td><td>\u897f\u73ed\u7259<\/td><\/tr><tr><td>2006<\/td><td>\u8499\u7279\u5361\u8482\u5c3c\u7279\u5c14\u6885<\/td><td>\u610f\u5927\u5229<\/td><\/tr><tr><td>2007<\/td><td>\u963f\u52a0\u8fea\u5c14<\/td><td>\u6469\u6d1b\u54e5<\/td><\/tr><tr><td>2008<\/td><td>\u52a0\u7c73\u65bd-\u5e15\u6ed5\u57fa\u5174<\/td><td>\u5fb7\u56fd<\/td><\/tr><tr><td>2009<\/td><td>\u963f\u5229\u574e\u7279<\/td><td>\u897f\u73ed\u7259<\/td><\/tr><tr><td>2010<\/td><td>\u6ce2\u96f7\u5947<\/td><td>\u514b\u7f57\u5730\u4e9a<\/td><\/tr><tr><td>2011<\/td><td>\u62c9\u65af\u5e15\u5c14\u9a6c\u65af<\/td><td>\u897f\u73ed\u7259<\/td><\/tr><tr><td>2012<\/td><td>\u5b89\u5854\u5229\u4e9a<\/td><td>\u571f\u8033\u5176<\/td><\/tr><tr><td>2013<\/td><td>\u8428\u683c\u52d2\u5e03<\/td><td>\u514b\u7f57\u5730\u4e9a<\/td><\/tr><tr><td>2014<\/td><td>\u97e6\u5c14\u65af<\/td><td>\u5965\u5730\u5229<\/td><\/tr><tr><td>2015<\/td><td>\u5229\u9ed8\u91cc\u514b<\/td><td>\u7231\u5c14\u5170<\/td><\/tr><tr><td>2016<\/td><td>\u9a6c\u91cc\u535a\u5c14<\/td><td>\u65af\u6d1b\u6587\u5c3c\u4e9a<\/td><\/tr><tr><td>2017<\/td><td>\u9a6c\u8d5b<\/td><td>\u6cd5\u56fd<\/td><\/tr><tr><td>2018<\/td><td>\u9a6c\u8033\u4ed6<\/td><td>\u9a6c\u8033\u4ed6<\/td><\/tr><tr><td>2019<\/td><td>\u5e03\u5fb7\u74e6<\/td><td>\u9ed1\u5c71\u5171\u548c\u56fd<\/td><\/tr><tr><td>2022<\/td><td>Vila Real De Santo Ant\u00f3nio<\/td><td>\u8461\u8404\u7259<\/td><\/tr><tr><td>2023<\/td><td>\u5361\u5854\u8d6b\u7eb3<\/td><td>\u54e5\u4f26\u6bd4\u4e9a<\/td><\/tr><tr><td>2024<\/td><td>\u5723\u7279\u7f57\u4f69<\/td><td>\u6cd5\u56fd<\/td><\/tr><tr><td>2025<\/td><td>Lloret de Mar<\/td><td>\u897f\u73ed\u7259<\/td><\/tr><\/tbody><\/table><\/figure>\n<\/div>\n<\/div>\n<\/div>\n<\/div><\/div>\n\n\n\n<div style=\"height:60px\" aria-hidden=\"true\" class=\"wp-block-spacer\"><\/div>\n\n\n\n<div class=\"wp-block-gsap-anim-carousel alignfull gsap-carousel__wrapper\" style=\"--gsap-carousel-gap:10px;--gsap-carousel-height:70vh;--gsap-carousel-slides:3;--gsap-carousel-slides-mobile:1;--gsap-carousel-slides-tablet:2\" data-slides=\"3\" data-slides-mobile=\"1\" data-slides-tablet=\"2\" data-pin-start=\"center center\" data-keep-spacing=\"true\" data-direction=\"left\"><div class=\"gsap-carousel__track\">\n<div class=\"wp-block-group is-layout-grid wp-container-core-group-is-layout-c80f7fe1 wp-block-group-is-layout-grid\">\n<div class=\"wp-block-cover is-light has-white-color has-text-color has-link-color wp-elements-01cd52e3e81079cfef4741aed57478e7 wp-container-content-1c01ed13\"><img loading=\"lazy\" decoding=\"async\" width=\"992\" height=\"948\" class=\"wp-block-cover__image-background wp-image-1928 size-full\" alt=\"\" src=\"https:\/\/mundi.golf\/wp-content\/uploads\/2026\/01\/Capture-decran-2026-01-08-a-11.09.09.jpeg\" data-object-fit=\"cover\" srcset=\"https:\/\/mundi.golf\/wp-content\/uploads\/2026\/01\/Capture-decran-2026-01-08-a-11.09.09.jpeg 992w, https:\/\/mundi.golf\/wp-content\/uploads\/2026\/01\/Capture-decran-2026-01-08-a-11.09.09-300x287.jpeg 300w, https:\/\/mundi.golf\/wp-content\/uploads\/2026\/01\/Capture-decran-2026-01-08-a-11.09.09-768x734.jpeg 768w\" sizes=\"auto, (max-width: 992px) 100vw, 992px\" \/><span aria-hidden=\"true\" class=\"wp-block-cover__background has-ast-global-color-6-background-color has-background-dim-0 has-background-dim\"><\/span><div class=\"wp-block-cover__inner-container is-layout-constrained wp-block-cover-is-layout-constrained\">\n<p class=\"has-text-align-center has-large-font-size\"><\/p>\n<\/div><\/div>\n<\/div>\n\n\n\n<div class=\"wp-block-group is-layout-grid wp-container-core-group-is-layout-c80f7fe1 wp-block-group-is-layout-grid\">\n<div class=\"wp-block-cover is-light has-white-color has-text-color has-link-color wp-elements-725094813dd3cdb3058f6a700796b5b3\"><img loading=\"lazy\" decoding=\"async\" width=\"1024\" height=\"683\" class=\"wp-block-cover__image-background wp-image-2511 size-large\" alt=\"\" src=\"https:\/\/mundi.golf\/wp-content\/uploads\/2026\/01\/TOF07598-1024x683.jpg\" data-object-fit=\"cover\" srcset=\"https:\/\/mundi.golf\/wp-content\/uploads\/2026\/01\/TOF07598-1024x683.jpg 1024w, https:\/\/mundi.golf\/wp-content\/uploads\/2026\/01\/TOF07598-300x200.jpg 300w, https:\/\/mundi.golf\/wp-content\/uploads\/2026\/01\/TOF07598-768x512.jpg 768w, https:\/\/mundi.golf\/wp-content\/uploads\/2026\/01\/TOF07598-1536x1024.jpg 1536w, https:\/\/mundi.golf\/wp-content\/uploads\/2026\/01\/TOF07598-2048x1365.jpg 2048w\" sizes=\"auto, (max-width: 1024px) 100vw, 1024px\" \/><span aria-hidden=\"true\" class=\"wp-block-cover__background has-ast-global-color-6-background-color has-background-dim-0 has-background-dim\"><\/span><div class=\"wp-block-cover__inner-container is-layout-constrained wp-block-cover-is-layout-constrained\">\n<p class=\"has-text-align-center has-large-font-size\"><\/p>\n<\/div><\/div>\n<\/div>\n\n\n\n<div class=\"wp-block-group is-layout-grid wp-container-core-group-is-layout-c80f7fe1 wp-block-group-is-layout-grid\">\n<div class=\"wp-block-cover has-white-color has-text-color has-link-color wp-elements-d396fbbf61672f2c3ae77645254ea125\"><img loading=\"lazy\" decoding=\"async\" width=\"2560\" height=\"1707\" class=\"wp-block-cover__image-background wp-image-2513 size-full\" alt=\"\u9ad8\u5c14\u592b\" src=\"https:\/\/mundi.golf\/wp-content\/uploads\/2026\/01\/01_TOF07804-scaled.jpg\" data-object-fit=\"cover\" srcset=\"https:\/\/mundi.golf\/wp-content\/uploads\/2026\/01\/01_TOF07804-scaled.jpg 2560w, https:\/\/mundi.golf\/wp-content\/uploads\/2026\/01\/01_TOF07804-300x200.jpg 300w, https:\/\/mundi.golf\/wp-content\/uploads\/2026\/01\/01_TOF07804-1024x683.jpg 1024w, https:\/\/mundi.golf\/wp-content\/uploads\/2026\/01\/01_TOF07804-768x512.jpg 768w, https:\/\/mundi.golf\/wp-content\/uploads\/2026\/01\/01_TOF07804-1536x1024.jpg 1536w, https:\/\/mundi.golf\/wp-content\/uploads\/2026\/01\/01_TOF07804-2048x1365.jpg 2048w\" sizes=\"auto, (max-width: 2560px) 100vw, 2560px\" \/><span aria-hidden=\"true\" class=\"wp-block-cover__background has-ast-global-color-6-background-color has-background-dim-0 has-background-dim\"><\/span><div class=\"wp-block-cover__inner-container is-layout-constrained wp-block-cover-is-layout-constrained\">\n<p class=\"has-text-align-center has-large-font-size\"><\/p>\n<\/div><\/div>\n<\/div>\n\n\n\n<div class=\"wp-block-group is-layout-grid wp-container-core-group-is-layout-c80f7fe1 wp-block-group-is-layout-grid\">\n<div class=\"wp-block-cover is-light has-white-color has-text-color has-link-color wp-elements-8d4b1e2c55cc30376e4c70dfd2dc7389\"><img loading=\"lazy\" decoding=\"async\" width=\"683\" height=\"1024\" class=\"wp-block-cover__image-background wp-image-2514 size-large\" alt=\"\" src=\"https:\/\/mundi.golf\/wp-content\/uploads\/2026\/01\/01_TOF07571-683x1024.jpg\" style=\"object-position:45% 74%\" data-object-fit=\"cover\" data-object-position=\"45% 74%\" srcset=\"https:\/\/mundi.golf\/wp-content\/uploads\/2026\/01\/01_TOF07571-683x1024.jpg 683w, https:\/\/mundi.golf\/wp-content\/uploads\/2026\/01\/01_TOF07571-200x300.jpg 200w, https:\/\/mundi.golf\/wp-content\/uploads\/2026\/01\/01_TOF07571-768x1152.jpg 768w, https:\/\/mundi.golf\/wp-content\/uploads\/2026\/01\/01_TOF07571-1024x1536.jpg 1024w, https:\/\/mundi.golf\/wp-content\/uploads\/2026\/01\/01_TOF07571-1366x2048.jpg 1366w, https:\/\/mundi.golf\/wp-content\/uploads\/2026\/01\/01_TOF07571-scaled.jpg 1707w\" sizes=\"auto, (max-width: 683px) 100vw, 683px\" \/><span aria-hidden=\"true\" class=\"wp-block-cover__background has-ast-global-color-6-background-color has-background-dim-0 has-background-dim\"><\/span><div class=\"wp-block-cover__inner-container is-layout-constrained wp-block-cover-is-layout-constrained\">\n<p class=\"has-text-align-center has-large-font-size\"><\/p>\n<\/div><\/div>\n<\/div>\n\n\n\n<div class=\"wp-block-group is-layout-grid wp-container-core-group-is-layout-c80f7fe1 wp-block-group-is-layout-grid\">\n<div class=\"wp-block-cover is-light has-white-color has-text-color has-link-color wp-elements-05bfd0d90e84ff8b87ba6c67a70a9c95 wp-container-content-1c01ed13\"><img loading=\"lazy\" decoding=\"async\" width=\"945\" height=\"876\" class=\"wp-block-cover__image-background wp-image-2515 size-full\" alt=\"\u81ea\u884c\u8f66\" src=\"https:\/\/mundi.golf\/wp-content\/uploads\/2026\/01\/01_Presa4.jpg\" style=\"object-position:48% 47%\" data-object-fit=\"cover\" data-object-position=\"48% 47%\" srcset=\"https:\/\/mundi.golf\/wp-content\/uploads\/2026\/01\/01_Presa4.jpg 945w, https:\/\/mundi.golf\/wp-content\/uploads\/2026\/01\/01_Presa4-300x278.jpg 300w, https:\/\/mundi.golf\/wp-content\/uploads\/2026\/01\/01_Presa4-768x712.jpg 768w\" sizes=\"auto, (max-width: 945px) 100vw, 945px\" \/><span aria-hidden=\"true\" class=\"wp-block-cover__background has-ast-global-color-6-background-color has-background-dim-0 has-background-dim\"><\/span><div class=\"wp-block-cover__inner-container is-layout-constrained wp-block-cover-is-layout-constrained\">\n<p class=\"has-text-align-center has-large-font-size\"><\/p>\n<\/div><\/div>\n<\/div>\n\n\n\n<div class=\"wp-block-group is-layout-grid wp-container-core-group-is-layout-c80f7fe1 wp-block-group-is-layout-grid\">\n<div class=\"wp-block-cover is-light has-white-color has-text-color has-link-color wp-elements-9cf1bb947f0f3c45893039e4bd5ba173\"><img loading=\"lazy\" decoding=\"async\" width=\"945\" height=\"814\" class=\"wp-block-cover__image-background wp-image-2517 size-full\" alt=\"\u7f51\u7403\" src=\"https:\/\/mundi.golf\/wp-content\/uploads\/2026\/01\/01_Presa3.jpg\" style=\"object-position:59% 16%\" data-object-fit=\"cover\" data-object-position=\"59% 16%\" srcset=\"https:\/\/mundi.golf\/wp-content\/uploads\/2026\/01\/01_Presa3.jpg 945w, https:\/\/mundi.golf\/wp-content\/uploads\/2026\/01\/01_Presa3-300x258.jpg 300w, https:\/\/mundi.golf\/wp-content\/uploads\/2026\/01\/01_Presa3-768x662.jpg 768w\" sizes=\"auto, (max-width: 945px) 100vw, 945px\" \/><span aria-hidden=\"true\" class=\"wp-block-cover__background has-ast-global-color-6-background-color has-background-dim-0 has-background-dim\"><\/span><div class=\"wp-block-cover__inner-container is-layout-constrained wp-block-cover-is-layout-constrained\">\n<p class=\"has-text-align-center has-large-font-size\"><\/p>\n<\/div><\/div>\n<\/div>\n<\/div><\/div>\n\n\n\n<div style=\"height:10px\" aria-hidden=\"true\" class=\"wp-block-spacer\"><\/div>","protected":false},"excerpt":{"rendered":"<p>Medigames Les Medigames sont un \u00e9v\u00e9nement sportif annuel r\u00e9serv\u00e9 aux professionnels de la m\u00e9decine. Venus du monde entier, ces comp\u00e9titeurs se mesurent pendant une semaine \u00e0 travers plus de 20 sports et disciplines diff\u00e9rents. Cr\u00e9\u00e9s en 1978, les Medigames s\u2019appuient sur les valeurs de confraternit\u00e9 et de passion sportive, ainsi que sur les principes fondamentaux [&hellip;]<\/p>\n","protected":false},"author":1,"featured_media":0,"parent":0,"menu_order":0,"comment_status":"closed","ping_status":"closed","template":"","meta":{"_uag_custom_page_level_css":"","site-sidebar-layout":"default","site-content-layout":"","ast-site-content-layout":"default","site-content-style":"default","site-sidebar-style":"default","ast-global-header-display":"","ast-banner-title-visibility":"","ast-main-header-display":"","ast-hfb-above-header-display":"","ast-hfb-below-header-display":"","ast-hfb-mobile-header-display":"","site-post-title":"disabled","ast-breadcrumbs-content":"","ast-featured-img":"","footer-sml-layout":"","ast-disable-related-posts":"","theme-transparent-header-meta":"disabled","adv-header-id-meta":"","stick-header-meta":"default","header-above-stick-meta":"","header-main-stick-meta":"","header-below-stick-meta":"","astra-migrate-meta-layouts":"set","ast-page-background-enabled":"default","ast-page-background-meta":{"desktop":{"background-color":"var(--ast-global-color-4)","background-image":"","background-repeat":"repeat","background-position":"center center","background-size":"auto","background-attachment":"scroll","background-type":"","background-media":"","overlay-type":"","overlay-color":"","overlay-opacity":"","overlay-gradient":""},"tablet":{"background-color":"","background-image":"","background-repeat":"repeat","background-position":"center center","background-size":"auto","background-attachment":"scroll","background-type":"","background-media":"","overlay-type":"","overlay-color":"","overlay-opacity":"","overlay-gradient":""},"mobile":{"background-color":"","background-image":"","background-repeat":"repeat","background-position":"center center","background-size":"auto","background-attachment":"scroll","background-type":"","background-media":"","overlay-type":"","overlay-color":"","overlay-opacity":"","overlay-gradient":""}},"ast-content-background-meta":{"desktop":{"background-color":"var(--ast-global-color-5)","background-image":"","background-repeat":"repeat","background-position":"center center","background-size":"auto","background-attachment":"scroll","background-type":"","background-media":"","overlay-type":"","overlay-color":"","overlay-opacity":"","overlay-gradient":""},"tablet":{"background-color":"var(--ast-global-color-5)","background-image":"","background-repeat":"repeat","background-position":"center center","background-size":"auto","background-attachment":"scroll","background-type":"","background-media":"","overlay-type":"","overlay-color":"","overlay-opacity":"","overlay-gradient":""},"mobile":{"background-color":"var(--ast-global-color-5)","background-image":"","background-repeat":"repeat","background-position":"center center","background-size":"auto","background-attachment":"scroll","background-type":"","background-media":"","overlay-type":"","overlay-color":"","overlay-opacity":"","overlay-gradient":""}},"gsap_anim_timeline":[],"footnotes":""},"class_list":["post-107","page","type-page","status-publish","hentry"],"uagb_featured_image_src":{"full":false,"thumbnail":false,"medium":false,"medium_large":false,"large":false,"1536x1536":false,"2048x2048":false,"trp-custom-language-flag":false},"uagb_author_info":{"display_name":"dfuzionadmin","author_link":"https:\/\/mundi.golf\/cn\/author\/dfuzionadmin\/"},"uagb_comment_info":0,"uagb_excerpt":"Medigames Les Medigames sont un \u00e9v\u00e9nement sportif annuel r\u00e9serv\u00e9 aux professionnels de la m\u00e9decine. Venus du monde entier, ces comp\u00e9titeurs se mesurent pendant une semaine \u00e0 travers plus de 20 sports et disciplines diff\u00e9rents. Cr\u00e9\u00e9s en 1978, les Medigames s\u2019appuient sur les valeurs de confraternit\u00e9 et de passion sportive, ainsi que sur les principes fondamentaux&hellip;","_links":{"self":[{"href":"https:\/\/mundi.golf\/cn\/wp-json\/wp\/v2\/pages\/107","targetHints":{"allow":["GET"]}}],"collection":[{"href":"https:\/\/mundi.golf\/cn\/wp-json\/wp\/v2\/pages"}],"about":[{"href":"https:\/\/mundi.golf\/cn\/wp-json\/wp\/v2\/types\/page"}],"author":[{"embeddable":true,"href":"https:\/\/mundi.golf\/cn\/wp-json\/wp\/v2\/users\/1"}],"replies":[{"embeddable":true,"href":"https:\/\/mundi.golf\/cn\/wp-json\/wp\/v2\/comments?post=107"}],"version-history":[{"count":129,"href":"https:\/\/mundi.golf\/cn\/wp-json\/wp\/v2\/pages\/107\/revisions"}],"predecessor-version":[{"id":2728,"href":"https:\/\/mundi.golf\/cn\/wp-json\/wp\/v2\/pages\/107\/revisions\/2728"}],"wp:attachment":[{"href":"https:\/\/mundi.golf\/cn\/wp-json\/wp\/v2\/media?parent=107"}],"curies":[{"name":"wp","href":"https:\/\/api.w.org\/{rel}","templated":true}]}}