{"id":2,"date":"2025-09-17T11:44:49","date_gmt":"2025-09-17T09:44:49","guid":{"rendered":"https:\/\/mundi.golf\/?page_id=2"},"modified":"2026-03-27T17:19:43","modified_gmt":"2026-03-27T16:19:43","slug":"%e5%9b%a2%e9%98%9f","status":"publish","type":"page","link":"https:\/\/mundi.golf\/cn\/equipe\/","title":{"rendered":"\u56e2\u961f"},"content":{"rendered":"<div class=\"wp-block-uagb-container uagb-block-8de9c239 alignfull uagb-is-root-container\"><div class=\"uagb-container-inner-blocks-wrap\">\n<div class=\"wp-block-uagb-advanced-heading uagb-block-99148d6e\"><h1 class=\"uagb-heading-text\">\u56e2\u961f<\/h1><\/div>\n<\/div><\/div>\n\n\n\n<div style=\"height:41px\" aria-hidden=\"true\" class=\"wp-block-spacer\"><\/div>\n\n\n\n<h2 class=\"wp-block-heading has-text-align-center has-large-font-size\">CSO \u56e2\u961f\u8bbe\u5728\u9a6c\u8d5b\uff08\u6cd5\u56fd\uff09<\/h2>\n\n\n\n<div class=\"wp-block-uagb-container uagb-block-6fd658ae alignfull uagb-is-root-container\"><div class=\"uagb-container-inner-blocks-wrap\">\n<div class=\"wp-block-uagb-container uagb-block-b5b894f9\">\n<div class=\"wp-block-uagb-image uagb-block-2929893e wp-block-uagb-image--layout-default wp-block-uagb-image--effect-static wp-block-uagb-image--align-none\"><figure class=\"wp-block-uagb-image__figure\"><img decoding=\"async\" srcset=\"https:\/\/mundi.golf\/wp-content\/uploads\/2026\/03\/Pierre-1024x886.png ,https:\/\/mundi.golf\/wp-content\/uploads\/2026\/03\/Pierre.png 780w, https:\/\/mundi.golf\/wp-content\/uploads\/2026\/03\/Pierre.png 360w\" sizes=\"auto, (max-width: 480px) 150px\" src=\"https:\/\/mundi.golf\/wp-content\/uploads\/2026\/03\/Pierre-1024x886.png\" alt=\"\" class=\"uag-image-2662\" width=\"800\" height=\"824\" title=\"\u76ae\u57c3\u5c14\" loading=\"lazy\" role=\"img\"\/><figcaption class=\"uagb-image-caption\">\u76ae\u57c3\u5c14-\u5362\u8f9b\u5947<\/figcaption><\/figure><\/div>\n\n\n\n<p class=\"has-text-align-center\" style=\"margin-top:0;margin-bottom:0\">\u5e38\u52a1\u8463\u4e8b\u3001\u8054\u5408\u521b\u59cb\u4eba<\/p>\n<\/div>\n\n\n\n<div class=\"wp-block-uagb-container uagb-block-6b03d7fa\">\n<div class=\"wp-block-uagb-image uagb-block-fe258811 wp-block-uagb-image--layout-default wp-block-uagb-image--effect-static wp-block-uagb-image--align-none\"><figure class=\"wp-block-uagb-image__figure\"><img decoding=\"async\" srcset=\"https:\/\/mundi.golf\/wp-content\/uploads\/2026\/03\/VIncent-1002x1024.png ,https:\/\/mundi.golf\/wp-content\/uploads\/2026\/03\/VIncent-scaled.png 780w, https:\/\/mundi.golf\/wp-content\/uploads\/2026\/03\/VIncent-scaled.png 360w\" sizes=\"auto, (max-width: 480px) 150px\" src=\"https:\/\/mundi.golf\/wp-content\/uploads\/2026\/03\/VIncent-1002x1024.png\" alt=\"\" class=\"uag-image-2665\" width=\"300\" height=\"320\" title=\"VIncent\" loading=\"lazy\" role=\"img\"\/><figcaption class=\"uagb-image-caption\">\u6587\u68ee\u7279-\u76ae\u7eb3\u7279\u5c14<\/figcaption><\/figure><\/div>\n\n\n\n<p class=\"has-text-align-center\" style=\"margin-top:0;margin-bottom:0\">\u9a6c\u8d5b\u5f8b\u5e08\u534f\u4f1a\u6210\u5458\uff0c\u5171\u540c\u521b\u59cb\u4eba<\/p>\n<\/div>\n\n\n\n<div class=\"wp-block-uagb-container uagb-block-2337207c\">\n<div class=\"wp-block-uagb-image uagb-block-f86c2ad5 wp-block-uagb-image--layout-default wp-block-uagb-image--effect-static wp-block-uagb-image--align-none\"><figure class=\"wp-block-uagb-image__figure\"><img decoding=\"async\" srcset=\"https:\/\/mundi.golf\/wp-content\/uploads\/2026\/03\/TP1-1024x943.png ,https:\/\/mundi.golf\/wp-content\/uploads\/2026\/03\/TP1.png 780w, https:\/\/mundi.golf\/wp-content\/uploads\/2026\/03\/TP1.png 360w\" sizes=\"auto, (max-width: 480px) 150px\" src=\"https:\/\/mundi.golf\/wp-content\/uploads\/2026\/03\/TP1-1024x943.png\" alt=\"\" class=\"uag-image-2663\" width=\"800\" height=\"824\" title=\"TP1\" loading=\"lazy\" role=\"img\"\/><figcaption class=\"uagb-image-caption\">Thibault PAGNIER<\/figcaption><\/figure><\/div>\n\n\n\n<p class=\"has-text-align-center\" style=\"margin-top:0;margin-bottom:0\">\u8463\u4e8b\u517c\u5408\u4f19\u4eba<\/p>\n<\/div>\n<\/div><\/div>\n\n\n\n<div class=\"wp-block-uagb-container uagb-block-5b85d26d alignfull uagb-is-root-container\"><div class=\"uagb-container-inner-blocks-wrap\">\n<div class=\"wp-block-uagb-container uagb-block-cb281284\">\n<div class=\"wp-block-uagb-image uagb-block-f3708e61 wp-block-uagb-image--layout-default wp-block-uagb-image--effect-static wp-block-uagb-image--align-none\"><figure class=\"wp-block-uagb-image__figure\"><img decoding=\"async\" srcset=\"https:\/\/mundi.golf\/wp-content\/uploads\/2026\/03\/Justine-231x300.png ,https:\/\/mundi.golf\/wp-content\/uploads\/2026\/03\/Justine.png 780w, https:\/\/mundi.golf\/wp-content\/uploads\/2026\/03\/Justine.png 360w\" sizes=\"auto, (max-width: 480px) 150px\" src=\"https:\/\/mundi.golf\/wp-content\/uploads\/2026\/03\/Justine-231x300.png\" alt=\"\" class=\"uag-image-2658\" width=\"237\" height=\"300\" title=\"\" loading=\"lazy\" role=\"presentation\"\/><figcaption class=\"uagb-image-caption\">\u8d3e\u4e1d\u5ef7-\u660e\u5409\u6c38<\/figcaption><\/figure><\/div>\n\n\n\n<p class=\"has-text-align-center\" style=\"margin-top:0;margin-bottom:0\">\u751f\u4ea7\u7ecf\u7406<\/p>\n<\/div>\n\n\n\n<div class=\"wp-block-uagb-container uagb-block-6f1154f1\">\n<div class=\"wp-block-uagb-image uagb-block-ca0b9f1a wp-block-uagb-image--layout-default wp-block-uagb-image--effect-static wp-block-uagb-image--align-none\"><figure class=\"wp-block-uagb-image__figure\"><img decoding=\"async\" srcset=\"https:\/\/mundi.golf\/wp-content\/uploads\/2026\/03\/Lola-236x300.png ,https:\/\/mundi.golf\/wp-content\/uploads\/2026\/03\/Lola.png 780w, https:\/\/mundi.golf\/wp-content\/uploads\/2026\/03\/Lola.png 360w\" sizes=\"auto, (max-width: 480px) 150px\" src=\"https:\/\/mundi.golf\/wp-content\/uploads\/2026\/03\/Lola-236x300.png\" alt=\"\" class=\"uag-image-2660\" width=\"236\" height=\"300\" title=\"\u6d1b\u62c9\" loading=\"lazy\" role=\"img\"\/><figcaption class=\"uagb-image-caption\">\u7f57\u62c9-\u5e03\u96f7\u8d6b\u7279<\/figcaption><\/figure><\/div>\n\n\n\n<p class=\"has-text-align-center\" style=\"margin-top:0;margin-bottom:0\">\u9500\u552e\u7ecf\u7406<\/p>\n<\/div>\n\n\n\n<div class=\"wp-block-uagb-container uagb-block-7169d512\">\n<div class=\"wp-block-uagb-image uagb-block-9ba3d998 wp-block-uagb-image--layout-default wp-block-uagb-image--effect-static wp-block-uagb-image--align-none\"><figure class=\"wp-block-uagb-image__figure\"><img decoding=\"async\" srcset=\"https:\/\/mundi.golf\/wp-content\/uploads\/2026\/03\/TP2-1024x1024.png ,https:\/\/mundi.golf\/wp-content\/uploads\/2026\/03\/TP2.png 780w, https:\/\/mundi.golf\/wp-content\/uploads\/2026\/03\/TP2.png 360w\" sizes=\"auto, (max-width: 480px) 150px\" src=\"https:\/\/mundi.golf\/wp-content\/uploads\/2026\/03\/TP2-1024x1024.png\" alt=\"\" class=\"uag-image-2664\" width=\"300\" height=\"300\" title=\"TP2\" loading=\"lazy\" role=\"img\"\/><figcaption class=\"uagb-image-caption\">Thibaut PIGNOL<\/figcaption><\/figure><\/div>\n\n\n\n<p class=\"has-text-align-center\" style=\"margin-top:0;margin-bottom:0\">\u5e02\u573a\u8425\u9500\u4e0e\u4f53\u80b2\u7ecf\u7406<\/p>\n<\/div>\n<\/div><\/div>\n\n\n\n<div class=\"wp-block-uagb-container uagb-block-b4d4f44e alignfull uagb-is-root-container\"><div class=\"uagb-container-inner-blocks-wrap\">\n<div class=\"wp-block-uagb-container uagb-block-2980f502\">\n<div class=\"wp-block-uagb-image uagb-block-6b741085 wp-block-uagb-image--layout-default wp-block-uagb-image--effect-static wp-block-uagb-image--align-none\"><figure class=\"wp-block-uagb-image__figure\"><img decoding=\"async\" srcset=\"https:\/\/mundi.golf\/wp-content\/uploads\/2026\/03\/Matei-272x300.png ,https:\/\/mundi.golf\/wp-content\/uploads\/2026\/03\/Matei.png 780w, https:\/\/mundi.golf\/wp-content\/uploads\/2026\/03\/Matei.png 360w\" sizes=\"auto, (max-width: 480px) 150px\" src=\"https:\/\/mundi.golf\/wp-content\/uploads\/2026\/03\/Matei-272x300.png\" alt=\"\" class=\"uag-image-2661\" width=\"272\" height=\"300\" title=\"\" loading=\"lazy\" role=\"presentation\"\/><figcaption class=\"uagb-image-caption\">\u9a6c\u7279-\u5361\u74e6\u5362\u5947<\/figcaption><\/figure><\/div>\n\n\n\n<p class=\"has-text-align-center\" style=\"margin-top:0;margin-bottom:0\">\u8425\u9500\u4e0e\u53d1\u5c55\u7ecf\u7406<\/p>\n<\/div>\n\n\n\n<div class=\"wp-block-uagb-container uagb-block-8aba3a29\">\n<div class=\"wp-block-uagb-image uagb-block-35cd6ffd wp-block-uagb-image--layout-default wp-block-uagb-image--effect-static wp-block-uagb-image--align-none\"><figure class=\"wp-block-uagb-image__figure\"><img decoding=\"async\" srcset=\"https:\/\/mundi.golf\/wp-content\/uploads\/2026\/03\/Loann-263x300.png ,https:\/\/mundi.golf\/wp-content\/uploads\/2026\/03\/Loann.png 780w, https:\/\/mundi.golf\/wp-content\/uploads\/2026\/03\/Loann.png 360w\" sizes=\"auto, (max-width: 480px) 150px\" src=\"https:\/\/mundi.golf\/wp-content\/uploads\/2026\/03\/Loann-263x300.png\" alt=\"\" class=\"uag-image-2659\" width=\"263\" height=\"300\" title=\"Loann\" loading=\"lazy\" role=\"img\"\/><figcaption class=\"uagb-image-caption\">Loann FIORETTI<\/figcaption><\/figure><\/div>\n\n\n\n<p class=\"has-text-align-center\" style=\"margin-top:0;margin-bottom:0\">\u5236\u4f5c\u52a9\u7406<\/p>\n<\/div>\n<\/div><\/div>\n\n\n\n<p><\/p>","protected":false},"excerpt":{"rendered":"<p>L&rsquo;\u00e9quipe L&rsquo;\u00e9quipe CSO est bas\u00e9e \u00e0 Marseille (France) G\u00e9rant, Cofondateur Avocat au Barreau de Marseille, Cofondateur Directeur &amp; Associ\u00e9 Cheffe de production Responsable Commerciale Responsable marketing &amp; sport Responsable marketing et d\u00e9veloppement Assistante de production<\/p>","protected":false},"author":1,"featured_media":0,"parent":0,"menu_order":0,"comment_status":"closed","ping_status":"closed","template":"","meta":{"_uag_custom_page_level_css":"","site-sidebar-layout":"default","site-content-layout":"","ast-site-content-layout":"default","site-content-style":"default","site-sidebar-style":"default","ast-global-header-display":"","ast-banner-title-visibility":"","ast-main-header-display":"","ast-hfb-above-header-display":"","ast-hfb-below-header-display":"","ast-hfb-mobile-header-display":"","site-post-title":"","ast-breadcrumbs-content":"","ast-featured-img":"","footer-sml-layout":"","ast-disable-related-posts":"","theme-transparent-header-meta":"","adv-header-id-meta":"","stick-header-meta":"","header-above-stick-meta":"","header-main-stick-meta":"","header-below-stick-meta":"","astra-migrate-meta-layouts":"set","ast-page-background-enabled":"default","ast-page-background-meta":{"desktop":{"background-color":"var(--ast-global-color-4)","background-image":"","background-repeat":"repeat","background-position":"center center","background-size":"auto","background-attachment":"scroll","background-type":"","background-media":"","overlay-type":"","overlay-color":"","overlay-opacity":"","overlay-gradient":""},"tablet":{"background-color":"","background-image":"","background-repeat":"repeat","background-position":"center center","background-size":"auto","background-attachment":"scroll","background-type":"","background-media":"","overlay-type":"","overlay-color":"","overlay-opacity":"","overlay-gradient":""},"mobile":{"background-color":"","background-image":"","background-repeat":"repeat","background-position":"center center","background-size":"auto","background-attachment":"scroll","background-type":"","background-media":"","overlay-type":"","overlay-color":"","overlay-opacity":"","overlay-gradient":""}},"ast-content-background-meta":{"desktop":{"background-color":"var(--ast-global-color-5)","background-image":"","background-repeat":"repeat","background-position":"center center","background-size":"auto","background-attachment":"scroll","background-type":"","background-media":"","overlay-type":"","overlay-color":"","overlay-opacity":"","overlay-gradient":""},"tablet":{"background-color":"var(--ast-global-color-5)","background-image":"","background-repeat":"repeat","background-position":"center center","background-size":"auto","background-attachment":"scroll","background-type":"","background-media":"","overlay-type":"","overlay-color":"","overlay-opacity":"","overlay-gradient":""},"mobile":{"background-color":"var(--ast-global-color-5)","background-image":"","background-repeat":"repeat","background-position":"center center","background-size":"auto","background-attachment":"scroll","background-type":"","background-media":"","overlay-type":"","overlay-color":"","overlay-opacity":"","overlay-gradient":""}},"gsap_anim_timeline":[],"footnotes":""},"class_list":["post-2","page","type-page","status-publish","hentry"],"uagb_featured_image_src":{"full":false,"thumbnail":false,"medium":false,"medium_large":false,"large":false,"1536x1536":false,"2048x2048":false,"trp-custom-language-flag":false},"uagb_author_info":{"display_name":"dfuzionadmin","author_link":"https:\/\/mundi.golf\/cn\/author\/dfuzionadmin\/"},"uagb_comment_info":0,"uagb_excerpt":"L&rsquo;\u00e9quipe L&rsquo;\u00e9quipe CSO est bas\u00e9e \u00e0 Marseille (France) G\u00e9rant, Cofondateur Avocat au Barreau de Marseille, Cofondateur Directeur &amp; Associ\u00e9 Cheffe de production Responsable Commerciale Responsable marketing &amp; sport Responsable marketing et d\u00e9veloppement Assistante de production","_links":{"self":[{"href":"https:\/\/mundi.golf\/cn\/wp-json\/wp\/v2\/pages\/2","targetHints":{"allow":["GET"]}}],"collection":[{"href":"https:\/\/mundi.golf\/cn\/wp-json\/wp\/v2\/pages"}],"about":[{"href":"https:\/\/mundi.golf\/cn\/wp-json\/wp\/v2\/types\/page"}],"author":[{"embeddable":true,"href":"https:\/\/mundi.golf\/cn\/wp-json\/wp\/v2\/users\/1"}],"replies":[{"embeddable":true,"href":"https:\/\/mundi.golf\/cn\/wp-json\/wp\/v2\/comments?post=2"}],"version-history":[{"count":83,"href":"https:\/\/mundi.golf\/cn\/wp-json\/wp\/v2\/pages\/2\/revisions"}],"predecessor-version":[{"id":2693,"href":"https:\/\/mundi.golf\/cn\/wp-json\/wp\/v2\/pages\/2\/revisions\/2693"}],"wp:attachment":[{"href":"https:\/\/mundi.golf\/cn\/wp-json\/wp\/v2\/media?parent=2"}],"curies":[{"name":"wp","href":"https:\/\/api.w.org\/{rel}","templated":true}]}}