{"id":2637,"date":"2026-03-06T16:39:51","date_gmt":"2026-03-06T15:39:51","guid":{"rendered":"https:\/\/mundi.golf\/?page_id=2637"},"modified":"2026-03-27T17:20:56","modified_gmt":"2026-03-27T16:20:56","slug":"%e6%b3%95%e5%be%8b%e4%bf%a1%e6%81%af","status":"publish","type":"page","link":"https:\/\/mundi.golf\/cn\/mentions-legales\/","title":{"rendered":"\u6cd5\u5f8b\u4fe1\u606f"},"content":{"rendered":"<div class=\"wp-block-uagb-container uagb-block-8de9c239 alignfull uagb-is-root-container\"><div class=\"uagb-container-inner-blocks-wrap\">\n<div class=\"wp-block-uagb-advanced-heading uagb-block-99148d6e\"><h1 class=\"uagb-heading-text\">\u6cd5\u5f8b\u4fe1\u606f<\/h1><\/div>\n<\/div><\/div>\n\n\n\n<div class=\"wp-block-uagb-container uagb-block-902521ed alignfull uagb-is-root-container\"><div class=\"uagb-container-inner-blocks-wrap\">\n<h2 class=\"wp-block-heading\" id=\"welcome-to-the-official-site-of-the-medigames\">\u6b22\u8fce\u8bbf\u95ee\u4f01\u4e1a\u4f53\u80b2\u7ec4\u7ec7\u5b98\u65b9\u7f51\u7ad9<\/h2>\n\n\n\n<p>\u6839\u636e 2004 \u5e74 6 \u6708 21 \u65e5\u7b2c 2004-575 \u53f7\u5173\u4e8e\u6570\u5b57\u7ecf\u6d4e\u4fe1\u4efb\u7684\u6cd5\u5f8b\u89c4\u5b9a\uff0ccso-events.fr \u7f51\u7ad9\u7684\u7528\u6237\u5c06\u88ab\u544a\u77e5\u53c2\u4e0e\u7f51\u7ad9\u521b\u5efa\u548c\u76d1\u63a7\u7684\u5404\u65b9\u7684\u8eab\u4efd\u3002.<\/p>\n\n\n\n<h3 class=\"wp-block-heading\" id=\"site-edition\">\u7f16\u8f91\u7f51\u7ad9<\/h3>\n\n\n\n<p>\u5b83\u662f\u4e13\u5c5e\u8d22\u4ea7\uff1a<br><strong>CORPORATE SPORT ORGANISATION<\/strong><br>18 Rue N\u00e9gresko 13008 Marseille - FRANCE<br>+33 (0)1 77 70 65 15<br>\u7535\u5b50\u90ae\u4ef6 \uff1a&nbsp;<a href=\"mailto:info@cso-events.fr\">info@cso-events.fr<\/a><\/p>\n\n\n\n<h3 class=\"wp-block-heading\" id=\"responsible-for-publication\">\u8d1f\u8d23\u51fa\u7248<\/h3>\n\n\n\n<p>\u7f51\u7ad9\u51fa\u7248\u603b\u76d1\uff1a <strong>Pierre Lusinchi<\/strong><br>\u7f16\u8f91\u7ecf\u7406 \uff1a <strong>Thibault Panier<\/strong><\/p>\n\n\n\n<h3 class=\"wp-block-heading\" id=\"web-design\">\u521b\u5efa\u7f51\u7ad9<\/h3>\n\n\n\n<p>\u8bbe\u8ba1\u548c\u751f\u4ea7 \uff1a <a href=\"http:\/\/www.centraledeproduction.fr\/\" target=\"_blank\" rel=\"noreferrer noopener\">CPROD<\/a> \/ <a href=\"https:\/\/d-fuzion.com\/\" target=\"_blank\" rel=\"noreferrer noopener\">D-FUZION<\/a><\/p>\n\n\n\n<h3 class=\"wp-block-heading\" id=\"host\">\u6258\u7ba1<\/h3>\n\n\n\n<p>\u8be5\u7f51\u7ad9\u7531 <a href=\"https:\/\/o2switch.com\/\" target=\"_blank\" rel=\"noreferrer noopener\"><\/a><a href=\"https:\/\/o2switch.com\/\" target=\"_blank\" rel=\"noreferrer noopener\">O2 \u5f00\u5173<\/a>.<\/p>\n\n\n\n<h3 class=\"wp-block-heading\" id=\"credits\">\u8363\u8a89<\/h3>\n\n\n\n<p><strong>\u4e00\u4e9b\u7167\u7247 <\/strong>\u516c\u53f8\u4f53\u80b2\u7ec4\u7ec7<br><strong>\u89c6\u9891<\/strong> \u516c\u53f8\u4f53\u80b2\u7ec4\u7ec7<\/p>\n\n\n\n<h3 class=\"wp-block-heading\" id=\"responsibility\">\u8d23\u4efb<\/h3>\n\n\n\n<p>Medigames\u63d0\u4f9b\u8bb8\u591a\u4e0e\u5176\u4ed6\u7f51\u7ad9\uff08\u4e3b\u8981\u662f\u5b98\u65b9\u7f51\u7ad9\uff09\u7684\u94fe\u63a5\u3002\u8fd9\u4e9b\u94fe\u63a5\u4f1a\u5b9a\u671f\u68c0\u67e5\uff0c\u4f46\u4ec5\u4f9b\u53c2\u8003\uff0cCSO Events \u5bf9\u6b64\u4e0d\u627f\u62c5\u4efb\u4f55\u8d23\u4efb\u3002.<\/p>\n\n\n\n<p>\u4f46\u662f\uff0cCSO\u6d3b\u52a8\u62d2\u7edd\u5bf9\u5176\u7f51\u7ad9\u7684\u8d85\u6587\u672c\u94fe\u63a5\u627f\u62c5\u4efb\u4f55\u8d23\u4efb\u3002.<\/p>\n\n\n\n<h3 class=\"wp-block-heading\" id=\"intellectual-property\">\u77e5\u8bc6\u4ea7\u6743<\/h3>\n\n\n\n<p>\u672c\u7f51\u7ad9\u53ca\u5176\u5305\u542b\u7684\u4fe1\u606f\u53d7\u6cd5\u56fd\u77e5\u8bc6\u4ea7\u6743\u6cd5\u548c\u56fd\u9645\u516c\u7ea6\u7684\u4fdd\u62a4\u3002\u672a\u7ecf\u7248\u6743\u6240\u6709\u4eba\u4e8b\u5148\u4e66\u9762\u8bb8\u53ef\uff0c\u4e0d\u5f97\u590d\u5236\u3001\u518d\u7248\u3001\u8f6c\u5f55\u3001\u4fee\u6539\u6216\u8f6c\u53d1\u672c\u7f51\u7ad9\uff08\u6216\u5176\u4efb\u4f55\u5185\u5bb9\uff09\uff08\u8fd9\u4e0d\u9002\u7528\u4e8e\u5bb6\u5ead\u5185\u90e8\u4f7f\u7528\u6216\u79c1\u4eba\u4f7f\u7528\uff09\u3002.<\/p>\n\n\n\n<p>\u5982\u6709\u4efb\u4f55\u7591\u95ee\uff0c\u8bf7\u53d1\u9001\u7535\u5b50\u90ae\u4ef6\u81f3 <a href=\"mailto:info@mundiavocat.com\">info@cso-events.fr<\/a><\/p>\n<\/div><\/div>\n\n\n\n<div style=\"height:100px\" aria-hidden=\"true\" class=\"wp-block-spacer\"><\/div>","protected":false},"excerpt":{"rendered":"<p>Mentions l\u00e9gales Bienvenue sur le site officiel de CORPORATE SPORT ORGANISATION Conform\u00e9ment aux dispositions de la loi n\u00b0 2004-575 du 21 juin 2004 pour la confiance dans l&rsquo;\u00e9conomie num\u00e9rique, les utilisateurs du site cso-events.fr sont inform\u00e9s de l&rsquo;identit\u00e9 des diff\u00e9rents intervenants dans le cadre de sa r\u00e9alisation et de son suivi. \u00c9dition du site C&rsquo;est [&hellip;]<\/p>\n","protected":false},"author":1,"featured_media":0,"parent":0,"menu_order":0,"comment_status":"closed","ping_status":"closed","template":"","meta":{"_uag_custom_page_level_css":"","site-sidebar-layout":"default","site-content-layout":"","ast-site-content-layout":"default","site-content-style":"default","site-sidebar-style":"default","ast-global-header-display":"","ast-banner-title-visibility":"","ast-main-header-display":"","ast-hfb-above-header-display":"","ast-hfb-below-header-display":"","ast-hfb-mobile-header-display":"","site-post-title":"disabled","ast-breadcrumbs-content":"","ast-featured-img":"","footer-sml-layout":"","ast-disable-related-posts":"","theme-transparent-header-meta":"","adv-header-id-meta":"","stick-header-meta":"","header-above-stick-meta":"","header-main-stick-meta":"","header-below-stick-meta":"","astra-migrate-meta-layouts":"set","ast-page-background-enabled":"default","ast-page-background-meta":{"desktop":{"background-color":"var(--ast-global-color-4)","background-image":"","background-repeat":"repeat","background-position":"center center","background-size":"auto","background-attachment":"scroll","background-type":"","background-media":"","overlay-type":"","overlay-color":"","overlay-opacity":"","overlay-gradient":""},"tablet":{"background-color":"","background-image":"","background-repeat":"repeat","background-position":"center center","background-size":"auto","background-attachment":"scroll","background-type":"","background-media":"","overlay-type":"","overlay-color":"","overlay-opacity":"","overlay-gradient":""},"mobile":{"background-color":"","background-image":"","background-repeat":"repeat","background-position":"center center","background-size":"auto","background-attachment":"scroll","background-type":"","background-media":"","overlay-type":"","overlay-color":"","overlay-opacity":"","overlay-gradient":""}},"ast-content-background-meta":{"desktop":{"background-color":"var(--ast-global-color-5)","background-image":"","background-repeat":"repeat","background-position":"center center","background-size":"auto","background-attachment":"scroll","background-type":"","background-media":"","overlay-type":"","overlay-color":"","overlay-opacity":"","overlay-gradient":""},"tablet":{"background-color":"var(--ast-global-color-5)","background-image":"","background-repeat":"repeat","background-position":"center center","background-size":"auto","background-attachment":"scroll","background-type":"","background-media":"","overlay-type":"","overlay-color":"","overlay-opacity":"","overlay-gradient":""},"mobile":{"background-color":"var(--ast-global-color-5)","background-image":"","background-repeat":"repeat","background-position":"center center","background-size":"auto","background-attachment":"scroll","background-type":"","background-media":"","overlay-type":"","overlay-color":"","overlay-opacity":"","overlay-gradient":""}},"gsap_anim_timeline":[],"footnotes":""},"class_list":["post-2637","page","type-page","status-publish","hentry"],"uagb_featured_image_src":{"full":false,"thumbnail":false,"medium":false,"medium_large":false,"large":false,"1536x1536":false,"2048x2048":false,"trp-custom-language-flag":false},"uagb_author_info":{"display_name":"dfuzionadmin","author_link":"https:\/\/mundi.golf\/cn\/author\/dfuzionadmin\/"},"uagb_comment_info":0,"uagb_excerpt":"Mentions l\u00e9gales Bienvenue sur le site officiel de CORPORATE SPORT ORGANISATION Conform\u00e9ment aux dispositions de la loi n\u00b0 2004-575 du 21 juin 2004 pour la confiance dans l&rsquo;\u00e9conomie num\u00e9rique, les utilisateurs du site cso-events.fr sont inform\u00e9s de l&rsquo;identit\u00e9 des diff\u00e9rents intervenants dans le cadre de sa r\u00e9alisation et de son suivi. \u00c9dition du site C&rsquo;est&hellip;","_links":{"self":[{"href":"https:\/\/mundi.golf\/cn\/wp-json\/wp\/v2\/pages\/2637","targetHints":{"allow":["GET"]}}],"collection":[{"href":"https:\/\/mundi.golf\/cn\/wp-json\/wp\/v2\/pages"}],"about":[{"href":"https:\/\/mundi.golf\/cn\/wp-json\/wp\/v2\/types\/page"}],"author":[{"embeddable":true,"href":"https:\/\/mundi.golf\/cn\/wp-json\/wp\/v2\/users\/1"}],"replies":[{"embeddable":true,"href":"https:\/\/mundi.golf\/cn\/wp-json\/wp\/v2\/comments?post=2637"}],"version-history":[{"count":4,"href":"https:\/\/mundi.golf\/cn\/wp-json\/wp\/v2\/pages\/2637\/revisions"}],"predecessor-version":[{"id":2733,"href":"https:\/\/mundi.golf\/cn\/wp-json\/wp\/v2\/pages\/2637\/revisions\/2733"}],"wp:attachment":[{"href":"https:\/\/mundi.golf\/cn\/wp-json\/wp\/v2\/media?parent=2637"}],"curies":[{"name":"wp","href":"https:\/\/api.w.org\/{rel}","templated":true}]}}