{"id":2637,"date":"2026-03-06T16:39:51","date_gmt":"2026-03-06T15:39:51","guid":{"rendered":"https:\/\/mundi.golf\/?page_id=2637"},"modified":"2026-03-27T17:20:56","modified_gmt":"2026-03-27T16:20:56","slug":"legal-information","status":"publish","type":"page","link":"https:\/\/mundi.golf\/en\/mentions-legales\/","title":{"rendered":"Legal information"},"content":{"rendered":"<div class=\"wp-block-uagb-container uagb-block-8de9c239 alignfull uagb-is-root-container\"><div class=\"uagb-container-inner-blocks-wrap\">\n<div class=\"wp-block-uagb-advanced-heading uagb-block-99148d6e\"><h1 class=\"uagb-heading-text\">Legal information<\/h1><\/div>\n<\/div><\/div>\n\n\n\n<div class=\"wp-block-uagb-container uagb-block-902521ed alignfull uagb-is-root-container\"><div class=\"uagb-container-inner-blocks-wrap\">\n<h2 class=\"wp-block-heading\" id=\"welcome-to-the-official-site-of-the-medigames\">Welcome to the official CORPORATE SPORT ORGANISATION website<\/h2>\n\n\n\n<p>In accordance with the provisions of Law No. 2004-575 of 21 June 2004 on confidence in the digital economy, users of the cso-events.fr website are informed of the identity of the various parties involved in its creation and monitoring.<\/p>\n\n\n\n<h3 class=\"wp-block-heading\" id=\"site-edition\">Editing the site<\/h3>\n\n\n\n<p>It is the exclusive property :<br><strong>CORPORATE SPORT ORGANISATION<\/strong><br>18 Rue N\u00e9gresko 13008 Marseille - FRANCE<br>+33 (0)1 77 70 65 15<br>E-mail :&nbsp;<a href=\"mailto:info@cso-events.fr\">info@cso-events.fr<\/a><\/p>\n\n\n\n<h3 class=\"wp-block-heading\" id=\"responsible-for-publication\">Responsible for publication<\/h3>\n\n\n\n<p>Site publication directors: <strong>Pierre Lusinchi<\/strong><br>Editorial manager : <strong>Thibault Panier<\/strong><\/p>\n\n\n\n<h3 class=\"wp-block-heading\" id=\"web-design\">Website creation<\/h3>\n\n\n\n<p>Design and production : <a href=\"http:\/\/www.centraledeproduction.fr\/\" target=\"_blank\" rel=\"noreferrer noopener\">CPROD<\/a> \/ <a href=\"https:\/\/d-fuzion.com\/\" target=\"_blank\" rel=\"noreferrer noopener\">D-FUZION<\/a><\/p>\n\n\n\n<h3 class=\"wp-block-heading\" id=\"host\">Hosting<\/h3>\n\n\n\n<p>The website is hosted by <a href=\"https:\/\/o2switch.com\/\" target=\"_blank\" rel=\"noreferrer noopener\"><\/a><a href=\"https:\/\/o2switch.com\/\" target=\"_blank\" rel=\"noreferrer noopener\">O2 SWITCH<\/a>.<\/p>\n\n\n\n<h3 class=\"wp-block-heading\" id=\"credits\">Credits<\/h3>\n\n\n\n<p><strong>Some photos: <\/strong>COMPANY SPORTS ORGANISATION<br><strong>Videos:<\/strong> COMPANY SPORTS ORGANISATION<\/p>\n\n\n\n<h3 class=\"wp-block-heading\" id=\"responsibility\">Liability<\/h3>\n\n\n\n<p>Medigames provides numerous links to other sites, mainly official sites. Checked regularly, they are provided for information only and CSO Events cannot be held responsible for them.<\/p>\n\n\n\n<p>However, CSO Events declines all responsibility for hypertext links to its site.<\/p>\n\n\n\n<h3 class=\"wp-block-heading\" id=\"intellectual-property\">Intellectual property<\/h3>\n\n\n\n<p>The site and the information it contains are protected by French intellectual property law and by international conventions. The site (or any of its content) may not be reproduced, republished, transcribed, modified or retransmitted without the prior written permission of the copyright holders (this does not apply to use within the family circle or to private use).<\/p>\n\n\n\n<p>For all enquiries, please send an email to <a href=\"mailto:info@mundiavocat.com\">info@cso-events.fr<\/a><\/p>\n<\/div><\/div>\n\n\n\n<div style=\"height:100px\" aria-hidden=\"true\" class=\"wp-block-spacer\"><\/div>","protected":false},"excerpt":{"rendered":"<p>Mentions l\u00e9gales Bienvenue sur le site officiel de CORPORATE SPORT ORGANISATION Conform\u00e9ment aux dispositions de la loi n\u00b0 2004-575 du 21 juin 2004 pour la confiance dans l&rsquo;\u00e9conomie num\u00e9rique, les utilisateurs du site cso-events.fr sont inform\u00e9s de l&rsquo;identit\u00e9 des diff\u00e9rents intervenants dans le cadre de sa r\u00e9alisation et de son suivi. \u00c9dition du site C&rsquo;est [&hellip;]<\/p>\n","protected":false},"author":1,"featured_media":0,"parent":0,"menu_order":0,"comment_status":"closed","ping_status":"closed","template":"","meta":{"_uag_custom_page_level_css":"","site-sidebar-layout":"default","site-content-layout":"","ast-site-content-layout":"default","site-content-style":"default","site-sidebar-style":"default","ast-global-header-display":"","ast-banner-title-visibility":"","ast-main-header-display":"","ast-hfb-above-header-display":"","ast-hfb-below-header-display":"","ast-hfb-mobile-header-display":"","site-post-title":"disabled","ast-breadcrumbs-content":"","ast-featured-img":"","footer-sml-layout":"","ast-disable-related-posts":"","theme-transparent-header-meta":"","adv-header-id-meta":"","stick-header-meta":"","header-above-stick-meta":"","header-main-stick-meta":"","header-below-stick-meta":"","astra-migrate-meta-layouts":"set","ast-page-background-enabled":"default","ast-page-background-meta":{"desktop":{"background-color":"var(--ast-global-color-4)","background-image":"","background-repeat":"repeat","background-position":"center center","background-size":"auto","background-attachment":"scroll","background-type":"","background-media":"","overlay-type":"","overlay-color":"","overlay-opacity":"","overlay-gradient":""},"tablet":{"background-color":"","background-image":"","background-repeat":"repeat","background-position":"center center","background-size":"auto","background-attachment":"scroll","background-type":"","background-media":"","overlay-type":"","overlay-color":"","overlay-opacity":"","overlay-gradient":""},"mobile":{"background-color":"","background-image":"","background-repeat":"repeat","background-position":"center center","background-size":"auto","background-attachment":"scroll","background-type":"","background-media":"","overlay-type":"","overlay-color":"","overlay-opacity":"","overlay-gradient":""}},"ast-content-background-meta":{"desktop":{"background-color":"var(--ast-global-color-5)","background-image":"","background-repeat":"repeat","background-position":"center center","background-size":"auto","background-attachment":"scroll","background-type":"","background-media":"","overlay-type":"","overlay-color":"","overlay-opacity":"","overlay-gradient":""},"tablet":{"background-color":"var(--ast-global-color-5)","background-image":"","background-repeat":"repeat","background-position":"center center","background-size":"auto","background-attachment":"scroll","background-type":"","background-media":"","overlay-type":"","overlay-color":"","overlay-opacity":"","overlay-gradient":""},"mobile":{"background-color":"var(--ast-global-color-5)","background-image":"","background-repeat":"repeat","background-position":"center center","background-size":"auto","background-attachment":"scroll","background-type":"","background-media":"","overlay-type":"","overlay-color":"","overlay-opacity":"","overlay-gradient":""}},"gsap_anim_timeline":[],"footnotes":""},"class_list":["post-2637","page","type-page","status-publish","hentry"],"uagb_featured_image_src":{"full":false,"thumbnail":false,"medium":false,"medium_large":false,"large":false,"1536x1536":false,"2048x2048":false,"trp-custom-language-flag":false},"uagb_author_info":{"display_name":"dfuzionadmin","author_link":"https:\/\/mundi.golf\/en\/author\/dfuzionadmin\/"},"uagb_comment_info":0,"uagb_excerpt":"Mentions l\u00e9gales Bienvenue sur le site officiel de CORPORATE SPORT ORGANISATION Conform\u00e9ment aux dispositions de la loi n\u00b0 2004-575 du 21 juin 2004 pour la confiance dans l&rsquo;\u00e9conomie num\u00e9rique, les utilisateurs du site cso-events.fr sont inform\u00e9s de l&rsquo;identit\u00e9 des diff\u00e9rents intervenants dans le cadre de sa r\u00e9alisation et de son suivi. \u00c9dition du site C&rsquo;est&hellip;","_links":{"self":[{"href":"https:\/\/mundi.golf\/en\/wp-json\/wp\/v2\/pages\/2637","targetHints":{"allow":["GET"]}}],"collection":[{"href":"https:\/\/mundi.golf\/en\/wp-json\/wp\/v2\/pages"}],"about":[{"href":"https:\/\/mundi.golf\/en\/wp-json\/wp\/v2\/types\/page"}],"author":[{"embeddable":true,"href":"https:\/\/mundi.golf\/en\/wp-json\/wp\/v2\/users\/1"}],"replies":[{"embeddable":true,"href":"https:\/\/mundi.golf\/en\/wp-json\/wp\/v2\/comments?post=2637"}],"version-history":[{"count":4,"href":"https:\/\/mundi.golf\/en\/wp-json\/wp\/v2\/pages\/2637\/revisions"}],"predecessor-version":[{"id":2733,"href":"https:\/\/mundi.golf\/en\/wp-json\/wp\/v2\/pages\/2637\/revisions\/2733"}],"wp:attachment":[{"href":"https:\/\/mundi.golf\/en\/wp-json\/wp\/v2\/media?parent=2637"}],"curies":[{"name":"wp","href":"https:\/\/api.w.org\/{rel}","templated":true}]}}