{"id":107,"date":"2025-09-17T14:31:26","date_gmt":"2025-09-17T12:31:26","guid":{"rendered":"https:\/\/mundi.golf\/?page_id=107"},"modified":"2026-03-27T17:15:20","modified_gmt":"2026-03-27T16:15:20","slug":"medigames","status":"publish","type":"page","link":"https:\/\/mundi.golf\/es\/medigames\/","title":{"rendered":"Medigames"},"content":{"rendered":"<div class=\"wp-block-uagb-container uagb-block-8de9c239 alignfull uagb-is-root-container\"><div class=\"uagb-container-inner-blocks-wrap\">\n<div class=\"wp-block-uagb-advanced-heading uagb-block-99148d6e\"><h1 class=\"uagb-heading-text\">Medigames<\/h1><\/div>\n<\/div><\/div>\n\n\n\n<div style=\"height:60px\" aria-hidden=\"true\" class=\"wp-block-spacer\"><\/div>\n\n\n\n<div class=\"wp-block-uagb-container uagb-block-e454dc7d alignfull uagb-is-root-container\"><div class=\"uagb-container-inner-blocks-wrap\">\n<div class=\"wp-block-uagb-container uagb-block-5ea903b0\">\n<h2 class=\"wp-block-heading\">Los Medigames son un acontecimiento deportivo anual para profesionales de la medicina.<\/h2>\n\n\n\n<p>A lo largo de una semana, competidores de todo el mundo compiten en m\u00e1s de 20 deportes y disciplinas diferentes.<\/p>\n\n\n\n<p>Creados en 1978, los Medigames se basan en los valores de la confraternidad y la pasi\u00f3n deportiva, as\u00ed como en los principios fundamentales del olimpismo.<\/p>\n\n\n\n<p>Paralelamente a las competiciones, se organiza durante 4 d\u00edas un Simposio Internacional de Medicina del Deporte. En \u00e9l se re\u00fanen deportistas y profesionales de todo el mundo para debatir e intercambiar opiniones sobre temas relacionados con la medicina y el deporte.<br>En el programa: ponencias tem\u00e1ticas presentadas por el comit\u00e9 cient\u00edfico, as\u00ed como comunicaciones libres de los participantes cuyas ponencias hayan sido seleccionadas, que allanar\u00e1n el camino para los debates sobre medicina deportiva.<\/p>\n\n\n\n<p><br>Cada a\u00f1o, los Medigames proporcionan a la ciudad anfitriona unas 10.500 pernoctaciones.<\/p>\n<\/div>\n\n\n\n<div class=\"uagb-position__sticky wp-block-uagb-container uag-blocks-common-selector uagb-block-aa1f5c1d\">\n<figure class=\"wp-block-image size-custom has-custom-border is-style-default has-gsap-anim\" data-gsap-anim=\"{&quot;id&quot;:&quot;e1e064d6-7942-4e65-9f37-0ce8b8fcae47&quot;,&quot;enabled&quot;:true,&quot;globalEligible&quot;:false,&quot;mode&quot;:&quot;basic&quot;,&quot;presetId&quot;:&quot;zoom-in&quot;,&quot;trigger&quot;:&quot;scroll&quot;,&quot;advanced&quot;:{&quot;type&quot;:&quot;zoom&quot;,&quot;duration&quot;:0.8,&quot;ease&quot;:&quot;power2.out&quot;,&quot;opacity&quot;:0,&quot;x&quot;:0,&quot;y&quot;:0,&quot;z&quot;:0,&quot;scale&quot;:0.8,&quot;rotate&quot;:0,&quot;rotateX&quot;:0,&quot;rotateY&quot;:0,&quot;transformOrigin&quot;:&quot;50% 50%&quot;,&quot;scrollEnabled&quot;:false,&quot;scrollStart&quot;:&quot;top center&quot;,&quot;scrollEnd&quot;:&quot;bottom center&quot;,&quot;scrub&quot;:1,&quot;pin&quot;:false,&quot;pinSpacing&quot;:true,&quot;repeat&quot;:0,&quot;yoyo&quot;:false,&quot;reduceMotion&quot;:true,&quot;disableOnMobile&quot;:false},&quot;steps&quot;:[]}\" data-gsap-anim-id=\"e1e064d6-7942-4e65-9f37-0ce8b8fcae47\"><img decoding=\"async\" src=\"https:\/\/mundi.golf\/wp-content\/uploads\/2026\/01\/Capture-decran-2026-01-08-a-11.08.33.jpeg\" alt=\"\" style=\"border-top-left-radius:5px;border-top-right-radius:5px;border-bottom-left-radius:5px;border-bottom-right-radius:5px;aspect-ratio:1;object-fit:cover\"\/><\/figure>\n<\/div>\n<\/div><\/div>\n\n\n\n<div style=\"height:60px\" aria-hidden=\"true\" class=\"wp-block-spacer\"><\/div>\n\n\n\n<div class=\"wp-block-uagb-container uagb-layout-grid uagb-block-9798104f alignfull uagb-is-root-container\"><div class=\"uagb-container-inner-blocks-wrap\">\n<div class=\"wp-block-uagb-container uagb-block-a83b297a\">\n<h3 class=\"wp-block-heading has-text-align-center\">Medigames en cifras<\/h3>\n<\/div>\n\n\n\n<div class=\"wp-block-uagb-container uagb-block-a3c1f59b\">\n<div class=\"wp-block-uagb-counter uagb-block-dcacf395 wp-block-uagb-counter--number\"><div class=\"wp-block-uagb-counter__number\"><span class=\"uagb-counter-block-number\" data-duration=\"1.5\" data-to-value=\"45\" data-from-value=\"0\" data-delimiter=\"\"><\/span><\/div><div class=\"wp-block-uagb-counter__title\">Ediciones<\/div><\/div>\n<\/div>\n\n\n\n<div class=\"wp-block-uagb-container uagb-block-2749fa66\">\n<div class=\"wp-block-uagb-counter uagb-block-25c96f6d wp-block-uagb-counter--number\"><div class=\"wp-block-uagb-counter__number\"><span class=\"uagb-counter-block-number\" data-duration=\"1.5\" data-to-value=\"22\" data-from-value=\"0\" data-delimiter=\"\"><\/span><\/div><div class=\"wp-block-uagb-counter__title\">Deportes<\/div><\/div>\n<\/div>\n\n\n\n<div class=\"wp-block-uagb-container uagb-block-e8463555\">\n<div class=\"wp-block-uagb-counter uagb-block-4a77aa49 wp-block-uagb-counter--number\"><div class=\"wp-block-uagb-counter__number\"><span class=\"uagb-counter-block-number\" data-duration=\"1.5\" data-to-value=\"1500\" data-from-value=\"0\" data-delimiter=\"\"><\/span><span class=\"uagb-counter-block-suffix\">+<\/span><\/div><div class=\"wp-block-uagb-counter__title\">Participantes<\/div><\/div>\n<\/div>\n\n\n\n<div class=\"wp-block-uagb-container uagb-block-41395cbb\">\n<div class=\"wp-block-uagb-counter uagb-block-ffc69e79 wp-block-uagb-counter--number\"><div class=\"wp-block-uagb-counter__number\"><span class=\"uagb-counter-block-number\" data-duration=\"1.5\" data-to-value=\"40\" data-from-value=\"0\" data-delimiter=\"\"><\/span><span class=\"uagb-counter-block-suffix\">+<\/span><\/div><div class=\"wp-block-uagb-counter__title\">Nacionalidades<\/div><\/div>\n<\/div>\n<\/div><\/div>\n\n\n\n<div style=\"height:60px\" aria-hidden=\"true\" class=\"wp-block-spacer\"><\/div>\n\n\n\n<div class=\"wp-block-uagb-container uagb-block-a66b5ed7 alignfull uagb-is-root-container\"><div class=\"uagb-container-inner-blocks-wrap\">\n<div data-wp-context=\"{ &quot;autoclose&quot;: false, &quot;accordionItems&quot;: [] }\" data-wp-interactive=\"core\/accordion\" role=\"group\" class=\"wp-block-accordion is-layout-constrained wp-block-accordion-is-layout-constrained\">\n<div data-wp-class--is-open=\"state.isOpen\" data-wp-context=\"{ &quot;id&quot;: &quot;accordion-item-1&quot;, &quot;openByDefault&quot;: false }\" data-wp-init=\"callbacks.initAccordionItems\" data-wp-on-window--hashchange=\"callbacks.hashChange\" class=\"wp-block-accordion-item is-layout-flow wp-block-accordion-item-is-layout-flow\">\n<h3 class=\"wp-block-accordion-heading\" style=\"border-top-color:var(--wp--preset--color--ast-global-color-7);border-top-width:1px;border-bottom-color:var(--wp--preset--color--ast-global-color-7);border-bottom-width:1px\"><button aria-expanded=\"false\" aria-controls=\"accordion-item-1-panel\" data-wp-bind--aria-expanded=\"state.isOpen\" data-wp-on--click=\"actions.toggle\" data-wp-on--keydown=\"actions.handleKeyDown\" id=\"accordion-item-1\" type=\"button\" class=\"wp-block-accordion-heading__toggle\"><span class=\"wp-block-accordion-heading__toggle-icon\" aria-hidden=\"true\">+<\/span><span class=\"wp-block-accordion-heading__toggle-title\">Las 45 ediciones de los Medigames<\/span><\/button><\/h3>\n\n\n\n<div inert aria-labelledby=\"accordion-item-1\" data-wp-bind--inert=\"!state.isOpen\" id=\"accordion-item-1-panel\" role=\"region\" class=\"wp-block-accordion-panel is-layout-flow wp-block-accordion-panel-is-layout-flow\">\n<figure class=\"wp-block-table\"><table class=\"has-border-color has-fixed-layout\" style=\"border-color:#eeeeee;border-width:2px\"><tbody><tr><td>1978<\/td><td>Cannes<\/td><td>Francia<\/td><\/tr><tr><td>1980<\/td><td>Cannes<\/td><td>Francia<\/td><\/tr><tr><td>1981<\/td><td>Font-Romeu<\/td><td>Francia<\/td><\/tr><tr><td>1982<\/td><td>Cannes<\/td><td>Francia<\/td><\/tr><tr><td>1983<\/td><td>Par\u00eds<\/td><td>Francia<\/td><\/tr><tr><td>1984<\/td><td>Abano Terme<\/td><td>Italia<\/td><\/tr><tr><td>1985<\/td><td>Monte-Carlo<\/td><td>M\u00f3naco<\/td><\/tr><tr><td>1986<\/td><td>Montecatini Terme<\/td><td>Italia<\/td><\/tr><tr><td>1987<\/td><td>Casablanca<\/td><td>Marruecos<\/td><\/tr><tr><td>1988<\/td><td>Lyon<\/td><td>Francia<\/td><\/tr><tr><td>1989<\/td><td>Montreal<\/td><td>Canad\u00e1<\/td><\/tr><tr><td>1990<\/td><td>Perpi\u00f1\u00e1n<\/td><td>Francia<\/td><\/tr><tr><td>1991<\/td><td>Heraklion<\/td><td>Grecia<\/td><\/tr><tr><td>1992<\/td><td>Ostuni<\/td><td>Italia<\/td><\/tr><tr><td>1993<\/td><td>Saint-Malo<\/td><td>Francia<\/td><\/tr><tr><td>1994<\/td><td>Evian<\/td><td>Francia<\/td><\/tr><tr><td>1995<\/td><td>Limerick<\/td><td>Irlanda<\/td><\/tr><tr><td>1996<\/td><td>Lisboa<\/td><td>Portugal<\/td><\/tr><tr><td>1997<\/td><td>Le Touquet Par\u00eds-Plage<\/td><td>Francia<\/td><\/tr><tr><td>1998<\/td><td>Klagenfurt<\/td><td>Austria<\/td><\/tr><tr><td>1999<\/td><td>Saint-Tropez<\/td><td>Francia<\/td><\/tr><tr><td>2001<\/td><td>Evian<\/td><td>Francia<\/td><\/tr><tr><td>2002<\/td><td>Balaton<\/td><td>Hungr\u00eda<\/td><\/tr><tr><td>2003<\/td><td>Stirling<\/td><td>Escocia<\/td><\/tr><tr><td>2004<\/td><td>Garmisch-Partenkirchen<\/td><td>Alemania<\/td><\/tr><tr><td>2005<\/td><td>Alicante<\/td><td>Espa\u00f1a<\/td><\/tr><tr><td>2006<\/td><td>Montecatini Terme<\/td><td>Italia<\/td><\/tr><tr><td>2007<\/td><td>Agadir<\/td><td>Marruecos<\/td><\/tr><tr><td>2008<\/td><td>Garmisch-Partenkirchen<\/td><td>Alemania<\/td><\/tr><tr><td>2009<\/td><td>Alicante<\/td><td>Espa\u00f1a<\/td><\/tr><tr><td>2010<\/td><td>Porec<\/td><td>Croacia<\/td><\/tr><tr><td>2011<\/td><td>Las Palmas<\/td><td>Espa\u00f1a<\/td><\/tr><tr><td>2012<\/td><td>Antalya<\/td><td>Turkiye<\/td><\/tr><tr><td>2013<\/td><td>Zagreb<\/td><td>Croacia<\/td><\/tr><tr><td>2014<\/td><td>Wels<\/td><td>Austria<\/td><\/tr><tr><td>2015<\/td><td>Limerick<\/td><td>Irlanda<\/td><\/tr><tr><td>2016<\/td><td>Maribor<\/td><td>Eslovenia<\/td><\/tr><tr><td>2017<\/td><td>Marsella<\/td><td>Francia<\/td><\/tr><tr><td>2018<\/td><td>Malta<\/td><td>Malta<\/td><\/tr><tr><td>2019<\/td><td>Budva<\/td><td>Montenegro<\/td><\/tr><tr><td>2022<\/td><td>Vila Real de Santo Ant\u00f3nio<\/td><td>Portugal<\/td><\/tr><tr><td>2023<\/td><td>Cartagena<\/td><td>Columbia<\/td><\/tr><tr><td>2024<\/td><td>Saint-Tropez<\/td><td>Francia<\/td><\/tr><tr><td>2025<\/td><td>Lloret de Mar<\/td><td>Espa\u00f1a<\/td><\/tr><\/tbody><\/table><\/figure>\n<\/div>\n<\/div>\n<\/div>\n<\/div><\/div>\n\n\n\n<div style=\"height:60px\" aria-hidden=\"true\" class=\"wp-block-spacer\"><\/div>\n\n\n\n<div class=\"wp-block-gsap-anim-carousel alignfull gsap-carousel__wrapper\" style=\"--gsap-carousel-gap:10px;--gsap-carousel-height:70vh;--gsap-carousel-slides:3;--gsap-carousel-slides-mobile:1;--gsap-carousel-slides-tablet:2\" data-slides=\"3\" data-slides-mobile=\"1\" data-slides-tablet=\"2\" data-pin-start=\"center center\" data-keep-spacing=\"true\" data-direction=\"left\"><div class=\"gsap-carousel__track\">\n<div class=\"wp-block-group is-layout-grid wp-container-core-group-is-layout-c80f7fe1 wp-block-group-is-layout-grid\">\n<div class=\"wp-block-cover is-light has-white-color has-text-color has-link-color wp-elements-01cd52e3e81079cfef4741aed57478e7 wp-container-content-1c01ed13\"><img loading=\"lazy\" decoding=\"async\" width=\"992\" height=\"948\" class=\"wp-block-cover__image-background wp-image-1928 size-full\" alt=\"\" src=\"https:\/\/mundi.golf\/wp-content\/uploads\/2026\/01\/Capture-decran-2026-01-08-a-11.09.09.jpeg\" data-object-fit=\"cover\" srcset=\"https:\/\/mundi.golf\/wp-content\/uploads\/2026\/01\/Capture-decran-2026-01-08-a-11.09.09.jpeg 992w, https:\/\/mundi.golf\/wp-content\/uploads\/2026\/01\/Capture-decran-2026-01-08-a-11.09.09-300x287.jpeg 300w, https:\/\/mundi.golf\/wp-content\/uploads\/2026\/01\/Capture-decran-2026-01-08-a-11.09.09-768x734.jpeg 768w\" sizes=\"auto, (max-width: 992px) 100vw, 992px\" \/><span aria-hidden=\"true\" class=\"wp-block-cover__background has-ast-global-color-6-background-color has-background-dim-0 has-background-dim\"><\/span><div class=\"wp-block-cover__inner-container is-layout-constrained wp-block-cover-is-layout-constrained\">\n<p class=\"has-text-align-center has-large-font-size\"><\/p>\n<\/div><\/div>\n<\/div>\n\n\n\n<div class=\"wp-block-group is-layout-grid wp-container-core-group-is-layout-c80f7fe1 wp-block-group-is-layout-grid\">\n<div class=\"wp-block-cover is-light has-white-color has-text-color has-link-color wp-elements-725094813dd3cdb3058f6a700796b5b3\"><img loading=\"lazy\" decoding=\"async\" width=\"1024\" height=\"683\" class=\"wp-block-cover__image-background wp-image-2511 size-large\" alt=\"\" src=\"https:\/\/mundi.golf\/wp-content\/uploads\/2026\/01\/TOF07598-1024x683.jpg\" data-object-fit=\"cover\" srcset=\"https:\/\/mundi.golf\/wp-content\/uploads\/2026\/01\/TOF07598-1024x683.jpg 1024w, https:\/\/mundi.golf\/wp-content\/uploads\/2026\/01\/TOF07598-300x200.jpg 300w, https:\/\/mundi.golf\/wp-content\/uploads\/2026\/01\/TOF07598-768x512.jpg 768w, https:\/\/mundi.golf\/wp-content\/uploads\/2026\/01\/TOF07598-1536x1024.jpg 1536w, https:\/\/mundi.golf\/wp-content\/uploads\/2026\/01\/TOF07598-2048x1365.jpg 2048w\" sizes=\"auto, (max-width: 1024px) 100vw, 1024px\" \/><span aria-hidden=\"true\" class=\"wp-block-cover__background has-ast-global-color-6-background-color has-background-dim-0 has-background-dim\"><\/span><div class=\"wp-block-cover__inner-container is-layout-constrained wp-block-cover-is-layout-constrained\">\n<p class=\"has-text-align-center has-large-font-size\"><\/p>\n<\/div><\/div>\n<\/div>\n\n\n\n<div class=\"wp-block-group is-layout-grid wp-container-core-group-is-layout-c80f7fe1 wp-block-group-is-layout-grid\">\n<div class=\"wp-block-cover has-white-color has-text-color has-link-color wp-elements-d396fbbf61672f2c3ae77645254ea125\"><img loading=\"lazy\" decoding=\"async\" width=\"2560\" height=\"1707\" class=\"wp-block-cover__image-background wp-image-2513 size-full\" alt=\"Golf\" src=\"https:\/\/mundi.golf\/wp-content\/uploads\/2026\/01\/01_TOF07804-scaled.jpg\" data-object-fit=\"cover\" srcset=\"https:\/\/mundi.golf\/wp-content\/uploads\/2026\/01\/01_TOF07804-scaled.jpg 2560w, https:\/\/mundi.golf\/wp-content\/uploads\/2026\/01\/01_TOF07804-300x200.jpg 300w, https:\/\/mundi.golf\/wp-content\/uploads\/2026\/01\/01_TOF07804-1024x683.jpg 1024w, https:\/\/mundi.golf\/wp-content\/uploads\/2026\/01\/01_TOF07804-768x512.jpg 768w, https:\/\/mundi.golf\/wp-content\/uploads\/2026\/01\/01_TOF07804-1536x1024.jpg 1536w, https:\/\/mundi.golf\/wp-content\/uploads\/2026\/01\/01_TOF07804-2048x1365.jpg 2048w\" sizes=\"auto, (max-width: 2560px) 100vw, 2560px\" \/><span aria-hidden=\"true\" class=\"wp-block-cover__background has-ast-global-color-6-background-color has-background-dim-0 has-background-dim\"><\/span><div class=\"wp-block-cover__inner-container is-layout-constrained wp-block-cover-is-layout-constrained\">\n<p class=\"has-text-align-center has-large-font-size\"><\/p>\n<\/div><\/div>\n<\/div>\n\n\n\n<div class=\"wp-block-group is-layout-grid wp-container-core-group-is-layout-c80f7fe1 wp-block-group-is-layout-grid\">\n<div class=\"wp-block-cover is-light has-white-color has-text-color has-link-color wp-elements-8d4b1e2c55cc30376e4c70dfd2dc7389\"><img loading=\"lazy\" decoding=\"async\" width=\"683\" height=\"1024\" class=\"wp-block-cover__image-background wp-image-2514 size-large\" alt=\"\" src=\"https:\/\/mundi.golf\/wp-content\/uploads\/2026\/01\/01_TOF07571-683x1024.jpg\" style=\"object-position:45% 74%\" data-object-fit=\"cover\" data-object-position=\"45% 74%\" srcset=\"https:\/\/mundi.golf\/wp-content\/uploads\/2026\/01\/01_TOF07571-683x1024.jpg 683w, https:\/\/mundi.golf\/wp-content\/uploads\/2026\/01\/01_TOF07571-200x300.jpg 200w, https:\/\/mundi.golf\/wp-content\/uploads\/2026\/01\/01_TOF07571-768x1152.jpg 768w, https:\/\/mundi.golf\/wp-content\/uploads\/2026\/01\/01_TOF07571-1024x1536.jpg 1024w, https:\/\/mundi.golf\/wp-content\/uploads\/2026\/01\/01_TOF07571-1366x2048.jpg 1366w, https:\/\/mundi.golf\/wp-content\/uploads\/2026\/01\/01_TOF07571-scaled.jpg 1707w\" sizes=\"auto, (max-width: 683px) 100vw, 683px\" \/><span aria-hidden=\"true\" class=\"wp-block-cover__background has-ast-global-color-6-background-color has-background-dim-0 has-background-dim\"><\/span><div class=\"wp-block-cover__inner-container is-layout-constrained wp-block-cover-is-layout-constrained\">\n<p class=\"has-text-align-center has-large-font-size\"><\/p>\n<\/div><\/div>\n<\/div>\n\n\n\n<div class=\"wp-block-group is-layout-grid wp-container-core-group-is-layout-c80f7fe1 wp-block-group-is-layout-grid\">\n<div class=\"wp-block-cover is-light has-white-color has-text-color has-link-color wp-elements-05bfd0d90e84ff8b87ba6c67a70a9c95 wp-container-content-1c01ed13\"><img loading=\"lazy\" decoding=\"async\" width=\"945\" height=\"876\" class=\"wp-block-cover__image-background wp-image-2515 size-full\" alt=\"Bicicleta\" src=\"https:\/\/mundi.golf\/wp-content\/uploads\/2026\/01\/01_Presa4.jpg\" style=\"object-position:48% 47%\" data-object-fit=\"cover\" data-object-position=\"48% 47%\" srcset=\"https:\/\/mundi.golf\/wp-content\/uploads\/2026\/01\/01_Presa4.jpg 945w, https:\/\/mundi.golf\/wp-content\/uploads\/2026\/01\/01_Presa4-300x278.jpg 300w, https:\/\/mundi.golf\/wp-content\/uploads\/2026\/01\/01_Presa4-768x712.jpg 768w\" sizes=\"auto, (max-width: 945px) 100vw, 945px\" \/><span aria-hidden=\"true\" class=\"wp-block-cover__background has-ast-global-color-6-background-color has-background-dim-0 has-background-dim\"><\/span><div class=\"wp-block-cover__inner-container is-layout-constrained wp-block-cover-is-layout-constrained\">\n<p class=\"has-text-align-center has-large-font-size\"><\/p>\n<\/div><\/div>\n<\/div>\n\n\n\n<div class=\"wp-block-group is-layout-grid wp-container-core-group-is-layout-c80f7fe1 wp-block-group-is-layout-grid\">\n<div class=\"wp-block-cover is-light has-white-color has-text-color has-link-color wp-elements-9cf1bb947f0f3c45893039e4bd5ba173\"><img loading=\"lazy\" decoding=\"async\" width=\"945\" height=\"814\" class=\"wp-block-cover__image-background wp-image-2517 size-full\" alt=\"Tenis\" src=\"https:\/\/mundi.golf\/wp-content\/uploads\/2026\/01\/01_Presa3.jpg\" style=\"object-position:59% 16%\" data-object-fit=\"cover\" data-object-position=\"59% 16%\" srcset=\"https:\/\/mundi.golf\/wp-content\/uploads\/2026\/01\/01_Presa3.jpg 945w, https:\/\/mundi.golf\/wp-content\/uploads\/2026\/01\/01_Presa3-300x258.jpg 300w, https:\/\/mundi.golf\/wp-content\/uploads\/2026\/01\/01_Presa3-768x662.jpg 768w\" sizes=\"auto, (max-width: 945px) 100vw, 945px\" \/><span aria-hidden=\"true\" class=\"wp-block-cover__background has-ast-global-color-6-background-color has-background-dim-0 has-background-dim\"><\/span><div class=\"wp-block-cover__inner-container is-layout-constrained wp-block-cover-is-layout-constrained\">\n<p class=\"has-text-align-center has-large-font-size\"><\/p>\n<\/div><\/div>\n<\/div>\n<\/div><\/div>\n\n\n\n<div style=\"height:10px\" aria-hidden=\"true\" class=\"wp-block-spacer\"><\/div>","protected":false},"excerpt":{"rendered":"<p>Medigames Les Medigames sont un \u00e9v\u00e9nement sportif annuel r\u00e9serv\u00e9 aux professionnels de la m\u00e9decine. Venus du monde entier, ces comp\u00e9titeurs se mesurent pendant une semaine \u00e0 travers plus de 20 sports et disciplines diff\u00e9rents. Cr\u00e9\u00e9s en 1978, les Medigames s\u2019appuient sur les valeurs de confraternit\u00e9 et de passion sportive, ainsi que sur les principes fondamentaux [&hellip;]<\/p>\n","protected":false},"author":1,"featured_media":0,"parent":0,"menu_order":0,"comment_status":"closed","ping_status":"closed","template":"","meta":{"_uag_custom_page_level_css":"","site-sidebar-layout":"default","site-content-layout":"","ast-site-content-layout":"default","site-content-style":"default","site-sidebar-style":"default","ast-global-header-display":"","ast-banner-title-visibility":"","ast-main-header-display":"","ast-hfb-above-header-display":"","ast-hfb-below-header-display":"","ast-hfb-mobile-header-display":"","site-post-title":"disabled","ast-breadcrumbs-content":"","ast-featured-img":"","footer-sml-layout":"","ast-disable-related-posts":"","theme-transparent-header-meta":"disabled","adv-header-id-meta":"","stick-header-meta":"default","header-above-stick-meta":"","header-main-stick-meta":"","header-below-stick-meta":"","astra-migrate-meta-layouts":"set","ast-page-background-enabled":"default","ast-page-background-meta":{"desktop":{"background-color":"var(--ast-global-color-4)","background-image":"","background-repeat":"repeat","background-position":"center center","background-size":"auto","background-attachment":"scroll","background-type":"","background-media":"","overlay-type":"","overlay-color":"","overlay-opacity":"","overlay-gradient":""},"tablet":{"background-color":"","background-image":"","background-repeat":"repeat","background-position":"center center","background-size":"auto","background-attachment":"scroll","background-type":"","background-media":"","overlay-type":"","overlay-color":"","overlay-opacity":"","overlay-gradient":""},"mobile":{"background-color":"","background-image":"","background-repeat":"repeat","background-position":"center center","background-size":"auto","background-attachment":"scroll","background-type":"","background-media":"","overlay-type":"","overlay-color":"","overlay-opacity":"","overlay-gradient":""}},"ast-content-background-meta":{"desktop":{"background-color":"var(--ast-global-color-5)","background-image":"","background-repeat":"repeat","background-position":"center center","background-size":"auto","background-attachment":"scroll","background-type":"","background-media":"","overlay-type":"","overlay-color":"","overlay-opacity":"","overlay-gradient":""},"tablet":{"background-color":"var(--ast-global-color-5)","background-image":"","background-repeat":"repeat","background-position":"center center","background-size":"auto","background-attachment":"scroll","background-type":"","background-media":"","overlay-type":"","overlay-color":"","overlay-opacity":"","overlay-gradient":""},"mobile":{"background-color":"var(--ast-global-color-5)","background-image":"","background-repeat":"repeat","background-position":"center center","background-size":"auto","background-attachment":"scroll","background-type":"","background-media":"","overlay-type":"","overlay-color":"","overlay-opacity":"","overlay-gradient":""}},"gsap_anim_timeline":[],"footnotes":""},"class_list":["post-107","page","type-page","status-publish","hentry"],"uagb_featured_image_src":{"full":false,"thumbnail":false,"medium":false,"medium_large":false,"large":false,"1536x1536":false,"2048x2048":false,"trp-custom-language-flag":false},"uagb_author_info":{"display_name":"dfuzionadmin","author_link":"https:\/\/mundi.golf\/es\/author\/dfuzionadmin\/"},"uagb_comment_info":0,"uagb_excerpt":"Medigames Les Medigames sont un \u00e9v\u00e9nement sportif annuel r\u00e9serv\u00e9 aux professionnels de la m\u00e9decine. Venus du monde entier, ces comp\u00e9titeurs se mesurent pendant une semaine \u00e0 travers plus de 20 sports et disciplines diff\u00e9rents. Cr\u00e9\u00e9s en 1978, les Medigames s\u2019appuient sur les valeurs de confraternit\u00e9 et de passion sportive, ainsi que sur les principes fondamentaux&hellip;","_links":{"self":[{"href":"https:\/\/mundi.golf\/es\/wp-json\/wp\/v2\/pages\/107","targetHints":{"allow":["GET"]}}],"collection":[{"href":"https:\/\/mundi.golf\/es\/wp-json\/wp\/v2\/pages"}],"about":[{"href":"https:\/\/mundi.golf\/es\/wp-json\/wp\/v2\/types\/page"}],"author":[{"embeddable":true,"href":"https:\/\/mundi.golf\/es\/wp-json\/wp\/v2\/users\/1"}],"replies":[{"embeddable":true,"href":"https:\/\/mundi.golf\/es\/wp-json\/wp\/v2\/comments?post=107"}],"version-history":[{"count":129,"href":"https:\/\/mundi.golf\/es\/wp-json\/wp\/v2\/pages\/107\/revisions"}],"predecessor-version":[{"id":2728,"href":"https:\/\/mundi.golf\/es\/wp-json\/wp\/v2\/pages\/107\/revisions\/2728"}],"wp:attachment":[{"href":"https:\/\/mundi.golf\/es\/wp-json\/wp\/v2\/media?parent=107"}],"curies":[{"name":"wp","href":"https:\/\/api.w.org\/{rel}","templated":true}]}}