{"id":2637,"date":"2026-03-06T16:39:51","date_gmt":"2026-03-06T15:39:51","guid":{"rendered":"https:\/\/mundi.golf\/?page_id=2637"},"modified":"2026-03-27T17:20:56","modified_gmt":"2026-03-27T16:20:56","slug":"informacion-legal","status":"publish","type":"page","link":"https:\/\/mundi.golf\/es\/mentions-legales\/","title":{"rendered":"Informaci\u00f3n jur\u00eddica"},"content":{"rendered":"<div class=\"wp-block-uagb-container uagb-block-8de9c239 alignfull uagb-is-root-container\"><div class=\"uagb-container-inner-blocks-wrap\">\n<div class=\"wp-block-uagb-advanced-heading uagb-block-99148d6e\"><h1 class=\"uagb-heading-text\">Informaci\u00f3n jur\u00eddica<\/h1><\/div>\n<\/div><\/div>\n\n\n\n<div class=\"wp-block-uagb-container uagb-block-902521ed alignfull uagb-is-root-container\"><div class=\"uagb-container-inner-blocks-wrap\">\n<h2 class=\"wp-block-heading\" id=\"welcome-to-the-official-site-of-the-medigames\">Bienvenido al sitio web oficial de CORPORATE SPORT ORGANISATION<\/h2>\n\n\n\n<p>De conformidad con las disposiciones de la Ley n\u00ba 2004-575 de 21 de junio de 2004 sobre la confianza en la econom\u00eda digital, se informa a los usuarios del sitio web cso-events.fr de la identidad de las distintas partes implicadas en su creaci\u00f3n y seguimiento.<\/p>\n\n\n\n<h3 class=\"wp-block-heading\" id=\"site-edition\">Editar el sitio<\/h3>\n\n\n\n<p>Es propiedad exclusiva :<br><strong>CORPORATE SPORT ORGANISATION<\/strong><br>18 Rue N\u00e9gresko 13008 Marsella - FRANCIA<br>+33 (0)1 77 70 65 15<br>Correo electr\u00f3nico :&nbsp;<a href=\"mailto:info@cso-events.fr\">info@cso-events.fr<\/a><\/p>\n\n\n\n<h3 class=\"wp-block-heading\" id=\"responsible-for-publication\">Responsable de la publicaci\u00f3n<\/h3>\n\n\n\n<p>Directores de publicaci\u00f3n del sitio: <strong>Pierre Lusinchi<\/strong><br>Director editorial : <strong>Thibault Panier<\/strong><\/p>\n\n\n\n<h3 class=\"wp-block-heading\" id=\"web-design\">Creaci\u00f3n de p\u00e1ginas web<\/h3>\n\n\n\n<p>Dise\u00f1o y producci\u00f3n : <a href=\"http:\/\/www.centraledeproduction.fr\/\" target=\"_blank\" rel=\"noreferrer noopener\">CPROD<\/a> \/ <a href=\"https:\/\/d-fuzion.com\/\" target=\"_blank\" rel=\"noreferrer noopener\">D-FUZION<\/a><\/p>\n\n\n\n<h3 class=\"wp-block-heading\" id=\"host\">Alojamiento<\/h3>\n\n\n\n<p>El sitio web est\u00e1 alojado en <a href=\"https:\/\/o2switch.com\/\" target=\"_blank\" rel=\"noreferrer noopener\"><\/a><a href=\"https:\/\/o2switch.com\/\" target=\"_blank\" rel=\"noreferrer noopener\">INTERRUPTOR DE O2<\/a>.<\/p>\n\n\n\n<h3 class=\"wp-block-heading\" id=\"credits\">Cr\u00e9ditos<\/h3>\n\n\n\n<p><strong>Algunas fotos: <\/strong>EMPRESA ORGANIZACI\u00d3N DEPORTIVA<br><strong>V\u00eddeos:<\/strong> EMPRESA ORGANIZACI\u00d3N DEPORTIVA<\/p>\n\n\n\n<h3 class=\"wp-block-heading\" id=\"responsibility\">Responsabilidad<\/h3>\n\n\n\n<p>Medigames proporciona numerosos enlaces a otros sitios, principalmente sitios oficiales. Comprobados regularmente, se facilitan \u00fanicamente a t\u00edtulo informativo y CSO Events no se hace responsable de ellos.<\/p>\n\n\n\n<p>No obstante, CSO Events declina toda responsabilidad por los enlaces de hipertexto a su sitio.<\/p>\n\n\n\n<h3 class=\"wp-block-heading\" id=\"intellectual-property\">Propiedad intelectual<\/h3>\n\n\n\n<p>El sitio y la informaci\u00f3n que contiene est\u00e1n protegidos por la legislaci\u00f3n francesa sobre propiedad intelectual y por los convenios internacionales. Queda prohibida la reproducci\u00f3n, republicaci\u00f3n, transcripci\u00f3n, modificaci\u00f3n o retransmisi\u00f3n de este sitio (o de cualquiera de sus contenidos) sin la autorizaci\u00f3n previa por escrito de los titulares de los derechos de autor (esto no se aplica al uso dentro del c\u00edrculo familiar ni al uso privado).<\/p>\n\n\n\n<p>Para cualquier consulta, env\u00ede un correo electr\u00f3nico a <a href=\"mailto:info@mundiavocat.com\">info@cso-events.fr<\/a><\/p>\n<\/div><\/div>\n\n\n\n<div style=\"height:100px\" aria-hidden=\"true\" class=\"wp-block-spacer\"><\/div>","protected":false},"excerpt":{"rendered":"<p>Mentions l\u00e9gales Bienvenue sur le site officiel de CORPORATE SPORT ORGANISATION Conform\u00e9ment aux dispositions de la loi n\u00b0 2004-575 du 21 juin 2004 pour la confiance dans l&rsquo;\u00e9conomie num\u00e9rique, les utilisateurs du site cso-events.fr sont inform\u00e9s de l&rsquo;identit\u00e9 des diff\u00e9rents intervenants dans le cadre de sa r\u00e9alisation et de son suivi. \u00c9dition du site C&rsquo;est [&hellip;]<\/p>\n","protected":false},"author":1,"featured_media":0,"parent":0,"menu_order":0,"comment_status":"closed","ping_status":"closed","template":"","meta":{"_uag_custom_page_level_css":"","site-sidebar-layout":"default","site-content-layout":"","ast-site-content-layout":"default","site-content-style":"default","site-sidebar-style":"default","ast-global-header-display":"","ast-banner-title-visibility":"","ast-main-header-display":"","ast-hfb-above-header-display":"","ast-hfb-below-header-display":"","ast-hfb-mobile-header-display":"","site-post-title":"disabled","ast-breadcrumbs-content":"","ast-featured-img":"","footer-sml-layout":"","ast-disable-related-posts":"","theme-transparent-header-meta":"","adv-header-id-meta":"","stick-header-meta":"","header-above-stick-meta":"","header-main-stick-meta":"","header-below-stick-meta":"","astra-migrate-meta-layouts":"set","ast-page-background-enabled":"default","ast-page-background-meta":{"desktop":{"background-color":"var(--ast-global-color-4)","background-image":"","background-repeat":"repeat","background-position":"center center","background-size":"auto","background-attachment":"scroll","background-type":"","background-media":"","overlay-type":"","overlay-color":"","overlay-opacity":"","overlay-gradient":""},"tablet":{"background-color":"","background-image":"","background-repeat":"repeat","background-position":"center center","background-size":"auto","background-attachment":"scroll","background-type":"","background-media":"","overlay-type":"","overlay-color":"","overlay-opacity":"","overlay-gradient":""},"mobile":{"background-color":"","background-image":"","background-repeat":"repeat","background-position":"center center","background-size":"auto","background-attachment":"scroll","background-type":"","background-media":"","overlay-type":"","overlay-color":"","overlay-opacity":"","overlay-gradient":""}},"ast-content-background-meta":{"desktop":{"background-color":"var(--ast-global-color-5)","background-image":"","background-repeat":"repeat","background-position":"center center","background-size":"auto","background-attachment":"scroll","background-type":"","background-media":"","overlay-type":"","overlay-color":"","overlay-opacity":"","overlay-gradient":""},"tablet":{"background-color":"var(--ast-global-color-5)","background-image":"","background-repeat":"repeat","background-position":"center center","background-size":"auto","background-attachment":"scroll","background-type":"","background-media":"","overlay-type":"","overlay-color":"","overlay-opacity":"","overlay-gradient":""},"mobile":{"background-color":"var(--ast-global-color-5)","background-image":"","background-repeat":"repeat","background-position":"center center","background-size":"auto","background-attachment":"scroll","background-type":"","background-media":"","overlay-type":"","overlay-color":"","overlay-opacity":"","overlay-gradient":""}},"gsap_anim_timeline":[],"footnotes":""},"class_list":["post-2637","page","type-page","status-publish","hentry"],"uagb_featured_image_src":{"full":false,"thumbnail":false,"medium":false,"medium_large":false,"large":false,"1536x1536":false,"2048x2048":false,"trp-custom-language-flag":false},"uagb_author_info":{"display_name":"dfuzionadmin","author_link":"https:\/\/mundi.golf\/es\/author\/dfuzionadmin\/"},"uagb_comment_info":0,"uagb_excerpt":"Mentions l\u00e9gales Bienvenue sur le site officiel de CORPORATE SPORT ORGANISATION Conform\u00e9ment aux dispositions de la loi n\u00b0 2004-575 du 21 juin 2004 pour la confiance dans l&rsquo;\u00e9conomie num\u00e9rique, les utilisateurs du site cso-events.fr sont inform\u00e9s de l&rsquo;identit\u00e9 des diff\u00e9rents intervenants dans le cadre de sa r\u00e9alisation et de son suivi. \u00c9dition du site C&rsquo;est&hellip;","_links":{"self":[{"href":"https:\/\/mundi.golf\/es\/wp-json\/wp\/v2\/pages\/2637","targetHints":{"allow":["GET"]}}],"collection":[{"href":"https:\/\/mundi.golf\/es\/wp-json\/wp\/v2\/pages"}],"about":[{"href":"https:\/\/mundi.golf\/es\/wp-json\/wp\/v2\/types\/page"}],"author":[{"embeddable":true,"href":"https:\/\/mundi.golf\/es\/wp-json\/wp\/v2\/users\/1"}],"replies":[{"embeddable":true,"href":"https:\/\/mundi.golf\/es\/wp-json\/wp\/v2\/comments?post=2637"}],"version-history":[{"count":4,"href":"https:\/\/mundi.golf\/es\/wp-json\/wp\/v2\/pages\/2637\/revisions"}],"predecessor-version":[{"id":2733,"href":"https:\/\/mundi.golf\/es\/wp-json\/wp\/v2\/pages\/2637\/revisions\/2733"}],"wp:attachment":[{"href":"https:\/\/mundi.golf\/es\/wp-json\/wp\/v2\/media?parent=2637"}],"curies":[{"name":"wp","href":"https:\/\/api.w.org\/{rel}","templated":true}]}}